{"id":9421,"date":"2021-04-29T12:52:43","date_gmt":"2021-04-29T10:52:43","guid":{"rendered":"http:\/\/gymnasium-bad-freienwalde.de\/1neuhp\/?page_id=9421"},"modified":"2021-06-04T11:11:41","modified_gmt":"2021-06-04T09:11:41","slug":"robotik-2","status":"publish","type":"page","link":"https:\/\/gymnasium-bad-freienwalde.de\/1neuhp\/robotik-2\/","title":{"rendered":"Robotik"},"content":{"rendered":"\n<p>In unserem Robotik-Kurs besch\u00e4ftigen wir uns mit den Grundlagen der EV3-Roboter-Technik.  Wir planen, entwerfen und bauen Roboter aus ihren Einzelteilen zusammen. Sobald jeder seinen Wunschroboter zusammengebaut hat, geht es mit dem Programmieren los. Das funktioniert auch ganz ohne Programmiervorkenntnisse. Somit kann sich jeder Sch\u00fcler individuell an seinem eigenen PC besch\u00e4ftigen, auch von Zuhause aus! <\/p>\n\n\n\n<h2 class=\"has-text-align-left wp-block-heading\">EV3-Sensoren<\/h2>\n\n\n\n<p>Im Folgenden Beitrag werden wir euch einen kleinen Ausschnitt aus unserem Robotik-Alltag zeigen. Ihr findet hier jeweils ein Video und einen kleinen Erkl\u00e4rungstext zu unseren Sensoren, welche ein wichtiger Bestandteil der Roboter sind. <\/p>\n\n\n\n<p class=\"has-text-align-center\"><strong>Ultraschallsensor<\/strong><\/p>\n\n\n\n<figure class=\"wp-block-video\"><video controls src=\"https:\/\/gymnasium-bad-freienwalde.de\/1neuhp\/wp-content\/uploads\/2021\/04\/Ultraschallsensor.mp4\"><\/video><figcaption>Der digitale EV3 Ultraschallsensor erzeugt Schallwellen und \u201eliest\u201c deren Echos, um Objekte zu erkennen und deren Entfernung in cm (oder Zoll) zu messen. Au\u00dferdem kann er Schallwellen aussenden oder auf den Empfang einer Schallwelle warten.<\/figcaption><\/figure>\n\n\n\n<p class=\"has-text-align-center\"><strong>Farbsensor<\/strong><\/p>\n\n\n\n<figure class=\"wp-block-video alignleft\"><video controls src=\"https:\/\/gymnasium-bad-freienwalde.de\/1neuhp\/wp-content\/uploads\/2021\/04\/Farbsensor.mp4\"><\/video><figcaption>Der digitale EV3 Farbsensor kann acht verschiedene Farben erkennen. Dar\u00fcber hinaus dient er als Lichtsensor, der die Lichtst\u00e4rke erkennt.<\/figcaption><\/figure>\n\n\n\n<p class=\"has-text-align-center\"><strong>Ber\u00fchrungssensor<\/strong><\/p>\n\n\n\n<figure class=\"wp-block-video\"><video controls src=\"https:\/\/gymnasium-bad-freienwalde.de\/1neuhp\/wp-content\/uploads\/2021\/04\/Beruehrungssensor-1.mp4\"><\/video><figcaption>Der analoge EV3 Ber\u00fchrungssensor ist ein einfacher aber pr\u00e4ziser Sensor, der den Druck erkennt, wenn die Fronttaste ber\u00fchrt oder entlastet wird. Au\u00dferdem erkennt er einmaliges Dr\u00fccken oder z\u00e4hlt, wie oft die Taste gedr\u00fcckt wurde.<\/figcaption><\/figure>\n\n\n\n<p class=\"has-text-align-center\"><strong>Kreiselsensor<\/strong><\/p>\n\n\n\n<figure class=\"wp-block-video\"><video controls src=\"https:\/\/gymnasium-bad-freienwalde.de\/1neuhp\/wp-content\/uploads\/2021\/04\/Kreiselsensor.mp4\"><\/video><figcaption>Der digitale EV3 Kreiselsensor misst die Drehbewegung und die Richtungs\u00e4nderung des Roboters.<\/figcaption><\/figure>\n","protected":false},"excerpt":{"rendered":"<p>In unserem Robotik-Kurs besch\u00e4ftigen wir uns mit den Grundlagen der EV3-Roboter-Technik. Wir planen, entwerfen und bauen Roboter aus ihren Einzelteilen zusammen. Sobald jeder seinen Wunschroboter zusammengebaut hat, geht es mit dem Programmieren los. Das funktioniert auch ganz ohne Programmiervorkenntnisse. Somit <a class=\"more-link\" href=\"https:\/\/gymnasium-bad-freienwalde.de\/1neuhp\/robotik-2\/\">weiterlesen&#8230;<\/a><\/p>\n","protected":false},"author":1,"featured_media":0,"parent":0,"menu_order":0,"comment_status":"closed","ping_status":"closed","template":"","meta":{"ngg_post_thumbnail":0,"footnotes":""},"class_list":["post-9421","page","type-page","status-publish","hentry","gallery-content-unit"],"_links":{"self":[{"href":"https:\/\/gymnasium-bad-freienwalde.de\/1neuhp\/wp-json\/wp\/v2\/pages\/9421","targetHints":{"allow":["GET"]}}],"collection":[{"href":"https:\/\/gymnasium-bad-freienwalde.de\/1neuhp\/wp-json\/wp\/v2\/pages"}],"about":[{"href":"https:\/\/gymnasium-bad-freienwalde.de\/1neuhp\/wp-json\/wp\/v2\/types\/page"}],"author":[{"embeddable":true,"href":"https:\/\/gymnasium-bad-freienwalde.de\/1neuhp\/wp-json\/wp\/v2\/users\/1"}],"replies":[{"embeddable":true,"href":"https:\/\/gymnasium-bad-freienwalde.de\/1neuhp\/wp-json\/wp\/v2\/comments?post=9421"}],"version-history":[{"count":3,"href":"https:\/\/gymnasium-bad-freienwalde.de\/1neuhp\/wp-json\/wp\/v2\/pages\/9421\/revisions"}],"predecessor-version":[{"id":10117,"href":"https:\/\/gymnasium-bad-freienwalde.de\/1neuhp\/wp-json\/wp\/v2\/pages\/9421\/revisions\/10117"}],"wp:attachment":[{"href":"https:\/\/gymnasium-bad-freienwalde.de\/1neuhp\/wp-json\/wp\/v2\/media?parent=9421"}],"curies":[{"name":"wp","href":"https:\/\/api.w.org\/{rel}","templated":true}]}}