{"id":5874,"date":"2018-11-28T21:45:16","date_gmt":"2018-11-28T20:45:16","guid":{"rendered":"http:\/\/gymnasium-bad-freienwalde.de\/1neuhp\/?page_id=5874"},"modified":"2018-11-29T11:28:56","modified_gmt":"2018-11-29T10:28:56","slug":"medienfit-sek1","status":"publish","type":"page","link":"https:\/\/gymnasium-bad-freienwalde.de\/1neuhp\/medienfit-sek1\/","title":{"rendered":"MedienFit Sek1"},"content":{"rendered":"<p><a href=\"https:\/\/gymnasium-bad-freienwalde.de\/1neuhp\/wp-content\/uploads\/2018\/11\/Medienfit.png\"><img loading=\"lazy\" decoding=\"async\" class=\"size-medium wp-image-5875 aligncenter\" src=\"https:\/\/gymnasium-bad-freienwalde.de\/1neuhp\/wp-content\/uploads\/2018\/11\/Medienfit-300x70.png\" alt=\"\" width=\"300\" height=\"70\" srcset=\"https:\/\/gymnasium-bad-freienwalde.de\/1neuhp\/wp-content\/uploads\/2018\/11\/Medienfit-300x70.png 300w, https:\/\/gymnasium-bad-freienwalde.de\/1neuhp\/wp-content\/uploads\/2018\/11\/Medienfit.png 602w\" sizes=\"auto, (max-width: 300px) 100vw, 300px\" \/><\/a><\/p>\n<p style=\"text-align: center;\">Das Schulentwicklungsprojekt des Ministeriums f\u00fcr Bildung Jugend und Sport<\/p>\n<p><strong>Wir sind dabei.<\/strong> Ziel ist es, Schulen in der Sekundarstufe 1 mit modernen Bildungsmedien auszustatten und Sch\u00fcler*innen und Lehrer*innen f\u00fcr die Benutzung dieser Medien zu qualifizieren. Die Nutzung moderner Medien entsprechend des Basiscurriculums Medienbildung soll schrittweise in den Unterricht implementiert werden. Die teilnehmenden Schulen werden brandenburgweit vernetzt und die Schultr\u00e4ger werden f\u00fcr die Ausstattung der Schulen mit F\u00f6rdermitteln unterst\u00fctzt.<a href=\"https:\/\/gymnasium-bad-freienwalde.de\/1neuhp\/wp-content\/uploads\/2018\/11\/20181128_131833.jpg\"><img loading=\"lazy\" decoding=\"async\" class=\"size-medium wp-image-5877 alignright\" src=\"https:\/\/gymnasium-bad-freienwalde.de\/1neuhp\/wp-content\/uploads\/2018\/11\/20181128_131833-300x204.jpg\" alt=\"\" width=\"300\" height=\"204\" srcset=\"https:\/\/gymnasium-bad-freienwalde.de\/1neuhp\/wp-content\/uploads\/2018\/11\/20181128_131833-300x204.jpg 300w, https:\/\/gymnasium-bad-freienwalde.de\/1neuhp\/wp-content\/uploads\/2018\/11\/20181128_131833-768x522.jpg 768w, https:\/\/gymnasium-bad-freienwalde.de\/1neuhp\/wp-content\/uploads\/2018\/11\/20181128_131833-1024x696.jpg 1024w\" sizes=\"auto, (max-width: 300px) 100vw, 300px\" \/><\/a><\/p>\n<p>Zus\u00e4tzlich zur bereits praktizierten Nutzung von Handys zur Informationsbeschaffung im Unterricht, sollen bei uns Klassens\u00e4tze von Tablets angeschafft werden. Unterrichtskonzepte sollen entsprechend angepasst werden. Die Tablets, Handys und Laptops sollen in einem 2. Schritt mit einer Schul-cloud genutzt werden. Diese wird momentan vom Hasso Plattner Institut entwickelt. Wir sind als Pilotschule an der Entwicklung der Cloud beteiligt. Dazu fahren verschiedene Lehrer*innen zu mehreren Arbeitstreffen. Danach sollen sie die anderen Lehrer*innen der Schule qualifizieren und die Einf\u00fchrung der Schul-Cloud in unserer Schule begleiten und unterst\u00fctzen.<\/p>\n<p><iframe loading=\"lazy\" width=\"780\" height=\"439\" src=\"https:\/\/www.youtube.com\/embed\/nS4a_bTv5_Y?feature=oembed\" frameborder=\"0\" allow=\"accelerometer; autoplay; encrypted-media; gyroscope; picture-in-picture\" allowfullscreen><\/iframe><\/p>\n<p>Medienfit ist eine der 4 S\u00e4ulen unseres Schulprogramms.<\/p>\n<p><a href=\"https:\/\/gymnasium-bad-freienwalde.de\/1neuhp\/wp-content\/uploads\/2018\/11\/20181129_082754.jpg\"><img loading=\"lazy\" decoding=\"async\" class=\"size-medium wp-image-5896 aligncenter\" src=\"https:\/\/gymnasium-bad-freienwalde.de\/1neuhp\/wp-content\/uploads\/2018\/11\/20181129_082754-300x225.jpg\" alt=\"\" width=\"300\" height=\"225\" srcset=\"https:\/\/gymnasium-bad-freienwalde.de\/1neuhp\/wp-content\/uploads\/2018\/11\/20181129_082754-300x225.jpg 300w, https:\/\/gymnasium-bad-freienwalde.de\/1neuhp\/wp-content\/uploads\/2018\/11\/20181129_082754-768x576.jpg 768w, https:\/\/gymnasium-bad-freienwalde.de\/1neuhp\/wp-content\/uploads\/2018\/11\/20181129_082754.jpg 1024w, https:\/\/gymnasium-bad-freienwalde.de\/1neuhp\/wp-content\/uploads\/2018\/11\/20181129_082754-350x263.jpg 350w, https:\/\/gymnasium-bad-freienwalde.de\/1neuhp\/wp-content\/uploads\/2018\/11\/20181129_082754-780x586.jpg 780w, https:\/\/gymnasium-bad-freienwalde.de\/1neuhp\/wp-content\/uploads\/2018\/11\/20181129_082754-250x188.jpg 250w\" sizes=\"auto, (max-width: 300px) 100vw, 300px\" \/><\/a><a href=\"https:\/\/gymnasium-bad-freienwalde.de\/1neuhp\/wp-content\/uploads\/2018\/11\/20181129_111725.jpg\"><img loading=\"lazy\" decoding=\"async\" class=\"size-medium wp-image-5929 aligncenter\" src=\"https:\/\/gymnasium-bad-freienwalde.de\/1neuhp\/wp-content\/uploads\/2018\/11\/20181129_111725-300x225.jpg\" alt=\"\" width=\"300\" height=\"225\" srcset=\"https:\/\/gymnasium-bad-freienwalde.de\/1neuhp\/wp-content\/uploads\/2018\/11\/20181129_111725-300x225.jpg 300w, https:\/\/gymnasium-bad-freienwalde.de\/1neuhp\/wp-content\/uploads\/2018\/11\/20181129_111725-768x576.jpg 768w, https:\/\/gymnasium-bad-freienwalde.de\/1neuhp\/wp-content\/uploads\/2018\/11\/20181129_111725.jpg 1024w, https:\/\/gymnasium-bad-freienwalde.de\/1neuhp\/wp-content\/uploads\/2018\/11\/20181129_111725-350x263.jpg 350w, https:\/\/gymnasium-bad-freienwalde.de\/1neuhp\/wp-content\/uploads\/2018\/11\/20181129_111725-780x586.jpg 780w, https:\/\/gymnasium-bad-freienwalde.de\/1neuhp\/wp-content\/uploads\/2018\/11\/20181129_111725-250x188.jpg 250w\" sizes=\"auto, (max-width: 300px) 100vw, 300px\" \/><\/a><\/p>\n<p><code>\n<!-- NOTE: If you need to make changes to this file, copy it to your current theme's main\n\tdirectory so your changes won't be overwritten when the plugin is upgraded. -->\n\n<!-- Post Wrap Start-->\n<div class=\"post hentry ivycat-post\">\n\n\t<!-- \tThis outputs the post TITLE -->\n\t<h2 class=\"entry-title\"><a href=\"https:\/\/gymnasium-bad-freienwalde.de\/1neuhp\/2026\/01\/07\/trebnitz-2025\/\">Trebnitz 2025<\/a><\/h2>\n\n\t<!-- \tThis outputs the post EXCERPT.  To display full content including images and html,\n\t\treplace the_excerpt(); with the_content();  below. -->\n\t<div class=\"entry-summary\">\n\t\t<p>Im Dezember 2025 reisten, wie auch schon in den Jahren zuvor, Sch\u00fclerinnen und Sch\u00fcler der 10. Klasse zum Erasmus Europa Creativ Projekt nach Trebnitz. Schloss Trebnitz ist eine deutsch-polnische Begegnungsst\u00e4tte und richtet das Erasmus Projekt einmal j\u00e4hrlich aus. Sieben Tage <a class=\"more-link\" href=\"https:\/\/gymnasium-bad-freienwalde.de\/1neuhp\/2026\/01\/07\/trebnitz-2025\/\">weiterlesen&#8230;<\/a><\/p>\n\t<\/div>\n\n\t<!--\tThis outputs the post META information -->\n\t<div class=\"entry-utility\">\n\t\t\t\t\t<span class=\"cat-links\">\n\t\t\t\t<span class=\"entry-utility-prep entry-utility-prep-cat-links\">Posted in<\/span> <a href=\"https:\/\/gymnasium-bad-freienwalde.de\/1neuhp\/category\/aktuelle-beitraege\/\" rel=\"category tag\">Aktuelle Beitr\u00e4ge<\/a>, <a href=\"https:\/\/gymnasium-bad-freienwalde.de\/1neuhp\/category\/allgemein\/\" rel=\"category tag\">Allgemein<\/a>, <a href=\"https:\/\/gymnasium-bad-freienwalde.de\/1neuhp\/category\/fahrten-exkursionen\/\" rel=\"category tag\">Fahrten &amp; Exkursionen<\/a>, <a href=\"https:\/\/gymnasium-bad-freienwalde.de\/1neuhp\/category\/medienfit\/\" rel=\"category tag\">Medienfit<\/a>, <a href=\"https:\/\/gymnasium-bad-freienwalde.de\/1neuhp\/category\/schulleben\/partnerschule\/\" rel=\"category tag\">Partnerschule<\/a>, <a href=\"https:\/\/gymnasium-bad-freienwalde.de\/1neuhp\/category\/projekte\/\" rel=\"category tag\">Projekte<\/a>, <a href=\"https:\/\/gymnasium-bad-freienwalde.de\/1neuhp\/category\/schulleben\/reise\/\" rel=\"category tag\">Reise<\/a>, <a href=\"https:\/\/gymnasium-bad-freienwalde.de\/1neuhp\/category\/schulleben\/schulentwicklung\/\" rel=\"category tag\">Schulentwicklung<\/a>, <a href=\"https:\/\/gymnasium-bad-freienwalde.de\/1neuhp\/category\/schulleben\/veranstaltungen\/\" rel=\"category tag\">Veranstaltungen<\/a>\t\t\t<\/span>\n\t\t\t<span class=\"meta-sep\">|<\/span>\n\t\t\t\t\t\t<span class=\"comments-link\">\n\t\t\t<span>Kommentare deaktiviert<span class=\"screen-reader-text\"> f\u00fcr Trebnitz 2025<\/span><\/span>\t\t<\/span>\n\t\t\t<\/div>\n<\/div>\n<!-- \/\/ Post Wrap End -->\n\n<!-- NOTE: If you need to make changes to this file, copy it to your current theme's main\n\tdirectory so your changes won't be overwritten when the plugin is upgraded. -->\n\n<!-- Post Wrap Start-->\n<div class=\"post hentry ivycat-post\">\n\n\t<!-- \tThis outputs the post TITLE -->\n\t<h2 class=\"entry-title\"><a href=\"https:\/\/gymnasium-bad-freienwalde.de\/1neuhp\/2023\/06\/20\/ergebnisse-der-webseitenprojekte-des-medienkurses-klasse-10-sind-jetzt-online\/\">Ergebnisse der Webseitenprojekte<\/a><\/h2>\n\n\t<!-- \tThis outputs the post EXCERPT.  To display full content including images and html,\n\t\treplace the_excerpt(); with the_content();  below. -->\n\t<div class=\"entry-summary\">\n\t\t<p>des Medienkurses Klasse 10 sind jetzt online unter: Unterricht \/ Unterrichtsf\u00e4cher \/ WAT\/Medienkunde \/ Webseitenprojekte Medienkurs 2023<\/p>\n\t<\/div>\n\n\t<!--\tThis outputs the post META information -->\n\t<div class=\"entry-utility\">\n\t\t\t\t\t<span class=\"cat-links\">\n\t\t\t\t<span class=\"entry-utility-prep entry-utility-prep-cat-links\">Posted in<\/span> <a href=\"https:\/\/gymnasium-bad-freienwalde.de\/1neuhp\/category\/aktuelle-beitraege\/\" rel=\"category tag\">Aktuelle Beitr\u00e4ge<\/a>, <a href=\"https:\/\/gymnasium-bad-freienwalde.de\/1neuhp\/category\/medienfit\/\" rel=\"category tag\">Medienfit<\/a>, <a href=\"https:\/\/gymnasium-bad-freienwalde.de\/1neuhp\/category\/unterrichtsfaecher\/watmedienkunde\/\" rel=\"category tag\">WAT \/ Medienkunde<\/a>\t\t\t<\/span>\n\t\t\t<span class=\"meta-sep\">|<\/span>\n\t\t\t\t\t\t<span class=\"comments-link\">\n\t\t\t<span>Kommentare deaktiviert<span class=\"screen-reader-text\"> f\u00fcr Ergebnisse der Webseitenprojekte<\/span><\/span>\t\t<\/span>\n\t\t\t<\/div>\n<\/div>\n<!-- \/\/ Post Wrap End -->\n\n<!-- NOTE: If you need to make changes to this file, copy it to your current theme's main\n\tdirectory so your changes won't be overwritten when the plugin is upgraded. -->\n\n<!-- Post Wrap Start-->\n<div class=\"post hentry ivycat-post\">\n\n\t<!-- \tThis outputs the post TITLE -->\n\t<h2 class=\"entry-title\"><a href=\"https:\/\/gymnasium-bad-freienwalde.de\/1neuhp\/2023\/05\/16\/berufspraktikum-vier-schuelerinnen-im-interview\/\">Berufspraktikum \u2013 vier Sch\u00fcler*innen im Interview<\/a><\/h2>\n\n\t<!-- \tThis outputs the post EXCERPT.  To display full content including images and html,\n\t\treplace the_excerpt(); with the_content();  below. -->\n\t<div class=\"entry-summary\">\n\t\t\t<\/div>\n\n\t<!--\tThis outputs the post META information -->\n\t<div class=\"entry-utility\">\n\t\t\t\t\t<span class=\"cat-links\">\n\t\t\t\t<span class=\"entry-utility-prep entry-utility-prep-cat-links\">Posted in<\/span> <a href=\"https:\/\/gymnasium-bad-freienwalde.de\/1neuhp\/category\/aktuelle-beitraege\/\" rel=\"category tag\">Aktuelle Beitr\u00e4ge<\/a>, <a href=\"https:\/\/gymnasium-bad-freienwalde.de\/1neuhp\/category\/allgemein\/\" rel=\"category tag\">Allgemein<\/a>, <a href=\"https:\/\/gymnasium-bad-freienwalde.de\/1neuhp\/category\/medienfit\/\" rel=\"category tag\">Medienfit<\/a>, <a href=\"https:\/\/gymnasium-bad-freienwalde.de\/1neuhp\/category\/studium-beruf\/\" rel=\"category tag\">Studium &amp; Beruf<\/a>, <a href=\"https:\/\/gymnasium-bad-freienwalde.de\/1neuhp\/category\/unterrichtsfaecher\/watmedienkunde\/\" rel=\"category tag\">WAT \/ Medienkunde<\/a>\t\t\t<\/span>\n\t\t\t<span class=\"meta-sep\">|<\/span>\n\t\t\t\t\t\t<span class=\"comments-link\">\n\t\t\t<span>Kommentare deaktiviert<span class=\"screen-reader-text\"> f\u00fcr Berufspraktikum \u2013 vier Sch\u00fcler*innen im Interview<\/span><\/span>\t\t<\/span>\n\t\t\t<\/div>\n<\/div>\n<!-- \/\/ Post Wrap End -->\n\n<!-- NOTE: If you need to make changes to this file, copy it to your current theme's main\n\tdirectory so your changes won't be overwritten when the plugin is upgraded. -->\n\n<!-- Post Wrap Start-->\n<div class=\"post hentry ivycat-post\">\n\n\t<!-- \tThis outputs the post TITLE -->\n\t<h2 class=\"entry-title\"><a href=\"https:\/\/gymnasium-bad-freienwalde.de\/1neuhp\/2023\/05\/16\/unser-praktikum\/\">Unser Praktikum<\/a><\/h2>\n\n\t<!-- \tThis outputs the post EXCERPT.  To display full content including images and html,\n\t\treplace the_excerpt(); with the_content();  below. -->\n\t<div class=\"entry-summary\">\n\t\t\t<\/div>\n\n\t<!--\tThis outputs the post META information -->\n\t<div class=\"entry-utility\">\n\t\t\t\t\t<span class=\"cat-links\">\n\t\t\t\t<span class=\"entry-utility-prep entry-utility-prep-cat-links\">Posted in<\/span> <a href=\"https:\/\/gymnasium-bad-freienwalde.de\/1neuhp\/category\/aktuelle-beitraege\/\" rel=\"category tag\">Aktuelle Beitr\u00e4ge<\/a>, <a href=\"https:\/\/gymnasium-bad-freienwalde.de\/1neuhp\/category\/medienfit\/\" rel=\"category tag\">Medienfit<\/a>, <a href=\"https:\/\/gymnasium-bad-freienwalde.de\/1neuhp\/category\/unterrichtsfaecher\/watmedienkunde\/\" rel=\"category tag\">WAT \/ Medienkunde<\/a>\t\t\t<\/span>\n\t\t\t<span class=\"meta-sep\">|<\/span>\n\t\t\t\t\t\t<span class=\"comments-link\">\n\t\t\t<span>Kommentare deaktiviert<span class=\"screen-reader-text\"> f\u00fcr Unser Praktikum<\/span><\/span>\t\t<\/span>\n\t\t\t<\/div>\n<\/div>\n<!-- \/\/ Post Wrap End -->\n<\/code><\/p>\n","protected":false},"excerpt":{"rendered":"<p>Das Schulentwicklungsprojekt des Ministeriums f\u00fcr Bildung Jugend und Sport Wir sind dabei. Ziel ist es, Schulen in der Sekundarstufe 1 mit modernen Bildungsmedien auszustatten und Sch\u00fcler*innen und Lehrer*innen f\u00fcr die Benutzung dieser Medien zu qualifizieren. Die Nutzung moderner Medien entsprechend <a class=\"more-link\" href=\"https:\/\/gymnasium-bad-freienwalde.de\/1neuhp\/2023\/05\/16\/unser-praktikum\/\">weiterlesen&#8230;<\/a><\/p>\n","protected":false},"author":17,"featured_media":0,"parent":0,"menu_order":0,"comment_status":"closed","ping_status":"closed","template":"","meta":{"ngg_post_thumbnail":0,"footnotes":""},"class_list":["post-5874","page","type-page","status-publish","hentry","gallery-content-unit"],"_links":{"self":[{"href":"https:\/\/gymnasium-bad-freienwalde.de\/1neuhp\/wp-json\/wp\/v2\/pages\/5874","targetHints":{"allow":["GET"]}}],"collection":[{"href":"https:\/\/gymnasium-bad-freienwalde.de\/1neuhp\/wp-json\/wp\/v2\/pages"}],"about":[{"href":"https:\/\/gymnasium-bad-freienwalde.de\/1neuhp\/wp-json\/wp\/v2\/types\/page"}],"author":[{"embeddable":true,"href":"https:\/\/gymnasium-bad-freienwalde.de\/1neuhp\/wp-json\/wp\/v2\/users\/17"}],"replies":[{"embeddable":true,"href":"https:\/\/gymnasium-bad-freienwalde.de\/1neuhp\/wp-json\/wp\/v2\/comments?post=5874"}],"version-history":[{"count":11,"href":"https:\/\/gymnasium-bad-freienwalde.de\/1neuhp\/wp-json\/wp\/v2\/pages\/5874\/revisions"}],"predecessor-version":[{"id":5930,"href":"https:\/\/gymnasium-bad-freienwalde.de\/1neuhp\/wp-json\/wp\/v2\/pages\/5874\/revisions\/5930"}],"wp:attachment":[{"href":"https:\/\/gymnasium-bad-freienwalde.de\/1neuhp\/wp-json\/wp\/v2\/media?parent=5874"}],"curies":[{"name":"wp","href":"https:\/\/api.w.org\/{rel}","templated":true}]}}