{"id":4193,"date":"2018-05-28T18:25:47","date_gmt":"2018-05-28T16:25:47","guid":{"rendered":"http:\/\/gymnasium-bad-freienwalde.de\/1neuhp\/?page_id=4193"},"modified":"2018-06-25T10:49:01","modified_gmt":"2018-06-25T08:49:01","slug":"projekttage","status":"publish","type":"page","link":"https:\/\/gymnasium-bad-freienwalde.de\/1neuhp\/projekttage\/","title":{"rendered":"Projekttage"},"content":{"rendered":"<p><code>\n<!-- NOTE: If you need to make changes to this file, copy it to your current theme's main\n\tdirectory so your changes won't be overwritten when the plugin is upgraded. -->\n\n<!-- Post Wrap Start-->\n<div class=\"post hentry ivycat-post\">\n\n\t<!-- \tThis outputs the post TITLE -->\n\t<h2 class=\"entry-title\"><a href=\"https:\/\/gymnasium-bad-freienwalde.de\/1neuhp\/2026\/04\/27\/innovatives-lernen-mit-dem-mobilen-futurium\/\">Innovatives Lernen mit dem Mobilen Futurium<\/a><\/h2>\n\n\t<!-- \tThis outputs the post EXCERPT.  To display full content including images and html,\n\t\treplace the_excerpt(); with the_content();  below. -->\n\t<div class=\"entry-summary\">\n\t\t<p>Mit riesigem Spa\u00df entdeckten die Sch\u00fcler spielerisch die Welt von morgen, w\u00e4hrend das mobile Konzept eindrucksvoll zeigte, wie zukunftsrelevant modernes Lernen sein kann. Die interaktiven Stationen weckten echte Begeisterung f\u00fcr Innovationen und bewiesen, dass mobiles Lernen der perfekte Schl\u00fcssel f\u00fcr <a class=\"more-link\" href=\"https:\/\/gymnasium-bad-freienwalde.de\/1neuhp\/2026\/04\/27\/innovatives-lernen-mit-dem-mobilen-futurium\/\">weiterlesen&#8230;<\/a><\/p>\n\t<\/div>\n\n\t<!--\tThis outputs the post META information -->\n\t<div class=\"entry-utility\">\n\t\t\t\t\t<span class=\"cat-links\">\n\t\t\t\t<span class=\"entry-utility-prep entry-utility-prep-cat-links\">Posted in<\/span> <a href=\"https:\/\/gymnasium-bad-freienwalde.de\/1neuhp\/category\/aktuelle-beitraege\/\" rel=\"category tag\">Aktuelle Beitr\u00e4ge<\/a>, <a href=\"https:\/\/gymnasium-bad-freienwalde.de\/1neuhp\/category\/allgemein\/\" rel=\"category tag\">Allgemein<\/a>, <a href=\"https:\/\/gymnasium-bad-freienwalde.de\/1neuhp\/category\/projekte\/\" rel=\"category tag\">Projekte<\/a>, <a href=\"https:\/\/gymnasium-bad-freienwalde.de\/1neuhp\/category\/robotik\/\" rel=\"category tag\">Robotik<\/a>, <a href=\"https:\/\/gymnasium-bad-freienwalde.de\/1neuhp\/category\/schulleben\/\" rel=\"category tag\">Schulleben<\/a>\t\t\t<\/span>\n\t\t\t<span class=\"meta-sep\">|<\/span>\n\t\t\t\t\t\t<span class=\"comments-link\">\n\t\t\t<span>Kommentare deaktiviert<span class=\"screen-reader-text\"> f\u00fcr Innovatives Lernen mit dem Mobilen Futurium<\/span><\/span>\t\t<\/span>\n\t\t\t<\/div>\n<\/div>\n<!-- \/\/ Post Wrap End -->\n\n<!-- NOTE: If you need to make changes to this file, copy it to your current theme's main\n\tdirectory so your changes won't be overwritten when the plugin is upgraded. -->\n\n<!-- Post Wrap Start-->\n<div class=\"post hentry ivycat-post\">\n\n\t<!-- \tThis outputs the post TITLE -->\n\t<h2 class=\"entry-title\"><a href=\"https:\/\/gymnasium-bad-freienwalde.de\/1neuhp\/2026\/04\/17\/mobiles-futurium-zu-gast-an-unserem-gymnasium-20-24-april\/\">Mobiles Futurium zu Gast an unserem Gymnasium (20.\u201324. April)<\/a><\/h2>\n\n\t<!-- \tThis outputs the post EXCERPT.  To display full content including images and html,\n\t\treplace the_excerpt(); with the_content();  below. -->\n\t<div class=\"entry-summary\">\n\t\t<p>Nach langer Vorfreude ist es endlich so weit: Vom 20. bis 24. April macht das Mobile Futurium Halt an unserem Gymnasium \u2013 ein besonderes Highlight, denn damit endet bei uns ein deutschlandweites, zweij\u00e4hriges Projekt. Mit dem Mobilen Futurium kommen die <a class=\"more-link\" href=\"https:\/\/gymnasium-bad-freienwalde.de\/1neuhp\/2026\/04\/17\/mobiles-futurium-zu-gast-an-unserem-gymnasium-20-24-april\/\">weiterlesen&#8230;<\/a><\/p>\n\t<\/div>\n\n\t<!--\tThis outputs the post META information -->\n\t<div class=\"entry-utility\">\n\t\t\t\t\t<span class=\"cat-links\">\n\t\t\t\t<span class=\"entry-utility-prep entry-utility-prep-cat-links\">Posted in<\/span> <a href=\"https:\/\/gymnasium-bad-freienwalde.de\/1neuhp\/category\/aktuelle-beitraege\/\" rel=\"category tag\">Aktuelle Beitr\u00e4ge<\/a>, <a href=\"https:\/\/gymnasium-bad-freienwalde.de\/1neuhp\/category\/projekte\/\" rel=\"category tag\">Projekte<\/a>, <a href=\"https:\/\/gymnasium-bad-freienwalde.de\/1neuhp\/category\/robotik\/\" rel=\"category tag\">Robotik<\/a>, <a href=\"https:\/\/gymnasium-bad-freienwalde.de\/1neuhp\/category\/studium-beruf\/\" rel=\"category tag\">Studium &amp; Beruf<\/a>\t\t\t<\/span>\n\t\t\t<span class=\"meta-sep\">|<\/span>\n\t\t\t\t\t\t<span class=\"comments-link\">\n\t\t\t<span>Kommentare deaktiviert<span class=\"screen-reader-text\"> f\u00fcr Mobiles Futurium zu Gast an unserem Gymnasium (20.\u201324. April)<\/span><\/span>\t\t<\/span>\n\t\t\t<\/div>\n<\/div>\n<!-- \/\/ Post Wrap End -->\n\n<!-- NOTE: If you need to make changes to this file, copy it to your current theme's main\n\tdirectory so your changes won't be overwritten when the plugin is upgraded. -->\n\n<!-- Post Wrap Start-->\n<div class=\"post hentry ivycat-post\">\n\n\t<!-- \tThis outputs the post TITLE -->\n\t<h2 class=\"entry-title\"><a href=\"https:\/\/gymnasium-bad-freienwalde.de\/1neuhp\/2026\/03\/09\/einblick-in-das-mobile-futurium-eine-besondere-projektwoche-an-unserer-schule\/\">Einblick in das Mobile Futurium \u2013 Eine besondere Projektwoche an unserer Schule<\/a><\/h2>\n\n\t<!-- \tThis outputs the post EXCERPT.  To display full content including images and html,\n\t\treplace the_excerpt(); with the_content();  below. -->\n\t<div class=\"entry-summary\">\n\t\t<p>Vom 20. bis 24. April 2026 besucht das Mobile Futurium unsere Schule und bringt spannende Zukunftsthemen direkt in den Unterricht. Das Projekt ist ein besonderes Bildungsangebot des Futurium Berlin und richtet sich an Sch\u00fclerinnen und Sch\u00fcler der Sekundarstufe I (Klassen <a class=\"more-link\" href=\"https:\/\/gymnasium-bad-freienwalde.de\/1neuhp\/2026\/03\/09\/einblick-in-das-mobile-futurium-eine-besondere-projektwoche-an-unserer-schule\/\">weiterlesen&#8230;<\/a><\/p>\n\t<\/div>\n\n\t<!--\tThis outputs the post META information -->\n\t<div class=\"entry-utility\">\n\t\t\t\t\t<span class=\"cat-links\">\n\t\t\t\t<span class=\"entry-utility-prep entry-utility-prep-cat-links\">Posted in<\/span> <a href=\"https:\/\/gymnasium-bad-freienwalde.de\/1neuhp\/category\/aktuelle-beitraege\/\" rel=\"category tag\">Aktuelle Beitr\u00e4ge<\/a>, <a href=\"https:\/\/gymnasium-bad-freienwalde.de\/1neuhp\/category\/projekte\/\" rel=\"category tag\">Projekte<\/a>\t\t\t<\/span>\n\t\t\t<span class=\"meta-sep\">|<\/span>\n\t\t\t\t\t\t<span class=\"comments-link\">\n\t\t\t<span>Kommentare deaktiviert<span class=\"screen-reader-text\"> f\u00fcr Einblick in das Mobile Futurium \u2013 Eine besondere Projektwoche an unserer Schule<\/span><\/span>\t\t<\/span>\n\t\t\t<\/div>\n<\/div>\n<!-- \/\/ Post Wrap End -->\n\n<!-- NOTE: If you need to make changes to this file, copy it to your current theme's main\n\tdirectory so your changes won't be overwritten when the plugin is upgraded. -->\n\n<!-- Post Wrap Start-->\n<div class=\"post hentry ivycat-post\">\n\n\t<!-- \tThis outputs the post TITLE -->\n\t<h2 class=\"entry-title\"><a href=\"https:\/\/gymnasium-bad-freienwalde.de\/1neuhp\/2026\/01\/07\/trebnitz-2025\/\">Trebnitz 2025<\/a><\/h2>\n\n\t<!-- \tThis outputs the post EXCERPT.  To display full content including images and html,\n\t\treplace the_excerpt(); with the_content();  below. -->\n\t<div class=\"entry-summary\">\n\t\t<p>Im Dezember 2025 reisten, wie auch schon in den Jahren zuvor, Sch\u00fclerinnen und Sch\u00fcler der 10. Klasse zum Erasmus Europa Creativ Projekt nach Trebnitz. Schloss Trebnitz ist eine deutsch-polnische Begegnungsst\u00e4tte und richtet das Erasmus Projekt einmal j\u00e4hrlich aus. Sieben Tage <a class=\"more-link\" href=\"https:\/\/gymnasium-bad-freienwalde.de\/1neuhp\/2026\/01\/07\/trebnitz-2025\/\">weiterlesen&#8230;<\/a><\/p>\n\t<\/div>\n\n\t<!--\tThis outputs the post META information -->\n\t<div class=\"entry-utility\">\n\t\t\t\t\t<span class=\"cat-links\">\n\t\t\t\t<span class=\"entry-utility-prep entry-utility-prep-cat-links\">Posted in<\/span> <a href=\"https:\/\/gymnasium-bad-freienwalde.de\/1neuhp\/category\/aktuelle-beitraege\/\" rel=\"category tag\">Aktuelle Beitr\u00e4ge<\/a>, <a href=\"https:\/\/gymnasium-bad-freienwalde.de\/1neuhp\/category\/allgemein\/\" rel=\"category tag\">Allgemein<\/a>, <a href=\"https:\/\/gymnasium-bad-freienwalde.de\/1neuhp\/category\/fahrten-exkursionen\/\" rel=\"category tag\">Fahrten &amp; Exkursionen<\/a>, <a href=\"https:\/\/gymnasium-bad-freienwalde.de\/1neuhp\/category\/medienfit\/\" rel=\"category tag\">Medienfit<\/a>, <a href=\"https:\/\/gymnasium-bad-freienwalde.de\/1neuhp\/category\/schulleben\/partnerschule\/\" rel=\"category tag\">Partnerschule<\/a>, <a href=\"https:\/\/gymnasium-bad-freienwalde.de\/1neuhp\/category\/projekte\/\" rel=\"category tag\">Projekte<\/a>, <a href=\"https:\/\/gymnasium-bad-freienwalde.de\/1neuhp\/category\/schulleben\/reise\/\" rel=\"category tag\">Reise<\/a>, <a href=\"https:\/\/gymnasium-bad-freienwalde.de\/1neuhp\/category\/schulleben\/schulentwicklung\/\" rel=\"category tag\">Schulentwicklung<\/a>, <a href=\"https:\/\/gymnasium-bad-freienwalde.de\/1neuhp\/category\/schulleben\/veranstaltungen\/\" rel=\"category tag\">Veranstaltungen<\/a>\t\t\t<\/span>\n\t\t\t<span class=\"meta-sep\">|<\/span>\n\t\t\t\t\t\t<span class=\"comments-link\">\n\t\t\t<span>Kommentare deaktiviert<span class=\"screen-reader-text\"> f\u00fcr Trebnitz 2025<\/span><\/span>\t\t<\/span>\n\t\t\t<\/div>\n<\/div>\n<!-- \/\/ Post Wrap End -->\n\n<!-- NOTE: If you need to make changes to this file, copy it to your current theme's main\n\tdirectory so your changes won't be overwritten when the plugin is upgraded. -->\n\n<!-- Post Wrap Start-->\n<div class=\"post hentry ivycat-post\">\n\n\t<!-- \tThis outputs the post TITLE -->\n\t<h2 class=\"entry-title\"><a href=\"https:\/\/gymnasium-bad-freienwalde.de\/1neuhp\/2025\/11\/21\/besuch-der-deutschen-stammzellenspenderdatei\/\">Besuch der Deutschen Stammzellenspenderdatei<\/a><\/h2>\n\n\t<!-- \tThis outputs the post EXCERPT.  To display full content including images and html,\n\t\treplace the_excerpt(); with the_content();  below. -->\n\t<div class=\"entry-summary\">\n\t\t<p>Am 18. November 2025 fand an unserer Schule eine Informationsveranstaltung der Deutschen Stammzellenspenderdatei (DSD) f\u00fcr die Sch\u00fclerinnen und Sch\u00fcler des 11. Jahrgangs statt. Die DSD informierte \u00fcber die Notwendigkeit und den Nutzen der Stammzellenspende und beantwortete zahlreiche Fragen der Teilnehmenden. <a class=\"more-link\" href=\"https:\/\/gymnasium-bad-freienwalde.de\/1neuhp\/2025\/11\/21\/besuch-der-deutschen-stammzellenspenderdatei\/\">weiterlesen&#8230;<\/a><\/p>\n\t<\/div>\n\n\t<!--\tThis outputs the post META information -->\n\t<div class=\"entry-utility\">\n\t\t\t\t\t<span class=\"cat-links\">\n\t\t\t\t<span class=\"entry-utility-prep entry-utility-prep-cat-links\">Posted in<\/span> <a href=\"https:\/\/gymnasium-bad-freienwalde.de\/1neuhp\/category\/aktuelle-beitraege\/\" rel=\"category tag\">Aktuelle Beitr\u00e4ge<\/a>, <a href=\"https:\/\/gymnasium-bad-freienwalde.de\/1neuhp\/category\/allgemein\/\" rel=\"category tag\">Allgemein<\/a>, <a href=\"https:\/\/gymnasium-bad-freienwalde.de\/1neuhp\/category\/unterrichtsfaecher\/chemiebiologie\/\" rel=\"category tag\">Chemie \/ Biologie<\/a>, <a href=\"https:\/\/gymnasium-bad-freienwalde.de\/1neuhp\/category\/projekte\/\" rel=\"category tag\">Projekte<\/a>\t\t\t<\/span>\n\t\t\t<span class=\"meta-sep\">|<\/span>\n\t\t\t\t\t\t<span class=\"comments-link\">\n\t\t\t<span>Kommentare deaktiviert<span class=\"screen-reader-text\"> f\u00fcr Besuch der Deutschen Stammzellenspenderdatei<\/span><\/span>\t\t<\/span>\n\t\t\t<\/div>\n<\/div>\n<!-- \/\/ Post Wrap End -->\n\n<!-- NOTE: If you need to make changes to this file, copy it to your current theme's main\n\tdirectory so your changes won't be overwritten when the plugin is upgraded. -->\n\n<!-- Post Wrap Start-->\n<div class=\"post hentry ivycat-post\">\n\n\t<!-- \tThis outputs the post TITLE -->\n\t<h2 class=\"entry-title\"><a href=\"https:\/\/gymnasium-bad-freienwalde.de\/1neuhp\/2025\/11\/10\/gedenken-am-9-november-gemeinsam-erinnern-gemeinsam-verantwortung-tragen\/\">Gedenken am 9. November | Gemeinsam erinnern \u2013 gemeinsam Verantwortung tragen<\/a><\/h2>\n\n\t<!-- \tThis outputs the post EXCERPT.  To display full content including images and html,\n\t\treplace the_excerpt(); with the_content();  below. -->\n\t<div class=\"entry-summary\">\n\t\t<p>Am 9. November 2025 um 16 Uhr lud die Initiative \u201eBad Freienwalde ist bunt\u201c zum dritten Stolperstein-Rundgang durch die Stadt ein, um an die Opfer der Novemberpogrome von 1938 zu erinnern. Zum ersten Mal wirkten dabei Sch\u00fclerinnen und Sch\u00fcler aus <a class=\"more-link\" href=\"https:\/\/gymnasium-bad-freienwalde.de\/1neuhp\/2025\/11\/10\/gedenken-am-9-november-gemeinsam-erinnern-gemeinsam-verantwortung-tragen\/\">weiterlesen&#8230;<\/a><\/p>\n\t<\/div>\n\n\t<!--\tThis outputs the post META information -->\n\t<div class=\"entry-utility\">\n\t\t\t\t\t<span class=\"cat-links\">\n\t\t\t\t<span class=\"entry-utility-prep entry-utility-prep-cat-links\">Posted in<\/span> <a href=\"https:\/\/gymnasium-bad-freienwalde.de\/1neuhp\/category\/aktuelle-beitraege\/\" rel=\"category tag\">Aktuelle Beitr\u00e4ge<\/a>, <a href=\"https:\/\/gymnasium-bad-freienwalde.de\/1neuhp\/category\/allgemein\/\" rel=\"category tag\">Allgemein<\/a>, <a href=\"https:\/\/gymnasium-bad-freienwalde.de\/1neuhp\/category\/unterrichtsfaecher\/gegeopbler\/\" rel=\"category tag\">Geschichte \/ Geografie \/ Politische Bildung \/ LER<\/a>, <a href=\"https:\/\/gymnasium-bad-freienwalde.de\/1neuhp\/category\/projekte\/\" rel=\"category tag\">Projekte<\/a>\t\t\t<\/span>\n\t\t\t<span class=\"meta-sep\">|<\/span>\n\t\t\t\t\t\t<span class=\"comments-link\">\n\t\t\t<span>Kommentare deaktiviert<span class=\"screen-reader-text\"> f\u00fcr Gedenken am 9. November | Gemeinsam erinnern \u2013 gemeinsam Verantwortung tragen<\/span><\/span>\t\t<\/span>\n\t\t\t<\/div>\n<\/div>\n<!-- \/\/ Post Wrap End -->\n\n<!-- NOTE: If you need to make changes to this file, copy it to your current theme's main\n\tdirectory so your changes won't be overwritten when the plugin is upgraded. -->\n\n<!-- Post Wrap Start-->\n<div class=\"post hentry ivycat-post\">\n\n\t<!-- \tThis outputs the post TITLE -->\n\t<h2 class=\"entry-title\"><a href=\"https:\/\/gymnasium-bad-freienwalde.de\/1neuhp\/2025\/10\/09\/shakespeare-hat-seit-jahren-nichts-mehr-geschrieben\/\">Shakespeare hat seit Jahren nichts mehr geschrieben&#8230;<\/a><\/h2>\n\n\t<!-- \tThis outputs the post EXCERPT.  To display full content including images and html,\n\t\treplace the_excerpt(); with the_content();  below. -->\n\t<div class=\"entry-summary\">\n\t\t\t<\/div>\n\n\t<!--\tThis outputs the post META information -->\n\t<div class=\"entry-utility\">\n\t\t\t\t\t<span class=\"cat-links\">\n\t\t\t\t<span class=\"entry-utility-prep entry-utility-prep-cat-links\">Posted in<\/span> <a href=\"https:\/\/gymnasium-bad-freienwalde.de\/1neuhp\/category\/aktuelle-beitraege\/\" rel=\"category tag\">Aktuelle Beitr\u00e4ge<\/a>, <a href=\"https:\/\/gymnasium-bad-freienwalde.de\/1neuhp\/category\/projekte\/\" rel=\"category tag\">Projekte<\/a>, <a href=\"https:\/\/gymnasium-bad-freienwalde.de\/1neuhp\/category\/schulleben\/\" rel=\"category tag\">Schulleben<\/a>, <a href=\"https:\/\/gymnasium-bad-freienwalde.de\/1neuhp\/category\/unterrichtsfaecher\/sprachen\/\" rel=\"category tag\">Sprachen<\/a>, <a href=\"https:\/\/gymnasium-bad-freienwalde.de\/1neuhp\/category\/schulleben\/veranstaltungen\/\" rel=\"category tag\">Veranstaltungen<\/a>\t\t\t<\/span>\n\t\t\t<span class=\"meta-sep\">|<\/span>\n\t\t\t\t\t\t<span class=\"comments-link\">\n\t\t\t<span>Kommentare deaktiviert<span class=\"screen-reader-text\"> f\u00fcr Shakespeare hat seit Jahren nichts mehr geschrieben&#8230;<\/span><\/span>\t\t<\/span>\n\t\t\t<\/div>\n<\/div>\n<!-- \/\/ Post Wrap End -->\n\n<!-- NOTE: If you need to make changes to this file, copy it to your current theme's main\n\tdirectory so your changes won't be overwritten when the plugin is upgraded. -->\n\n<!-- Post Wrap Start-->\n<div class=\"post hentry ivycat-post\">\n\n\t<!-- \tThis outputs the post TITLE -->\n\t<h2 class=\"entry-title\"><a href=\"https:\/\/gymnasium-bad-freienwalde.de\/1neuhp\/2025\/09\/11\/erfolgreiche-eroeffnung-der-ausstellung-demokratie-staerken-rechtsextremismus-bekaempfen\/\">Erfolgreiche Er\u00f6ffnung der Ausstellung\u00a0\u201eDemokratie st\u00e4rken \u2013 Rechtsextremismus bek\u00e4mpfen\u201c<\/a><\/h2>\n\n\t<!-- \tThis outputs the post EXCERPT.  To display full content including images and html,\n\t\treplace the_excerpt(); with the_content();  below. -->\n\t<div class=\"entry-summary\">\n\t\t<p>Am 10.09.2025 wurde in der Aula des Bertolt-Brecht-Gymnasiums Bad Freienwalde die Ausstellung \u201eDemokratie st\u00e4rken \u2013 Rechtsextremismus bek\u00e4mpfen\u201c feierlich er\u00f6ffnet. Unter den zahlreichen G\u00e4sten konnten wir u. a. begr\u00fc\u00dfen: In den Gru\u00dfworten wurde die besondere Rolle der Schulen bei der St\u00e4rkung <a class=\"more-link\" href=\"https:\/\/gymnasium-bad-freienwalde.de\/1neuhp\/2025\/09\/11\/erfolgreiche-eroeffnung-der-ausstellung-demokratie-staerken-rechtsextremismus-bekaempfen\/\">weiterlesen&#8230;<\/a><\/p>\n\t<\/div>\n\n\t<!--\tThis outputs the post META information -->\n\t<div class=\"entry-utility\">\n\t\t\t\t\t<span class=\"cat-links\">\n\t\t\t\t<span class=\"entry-utility-prep entry-utility-prep-cat-links\">Posted in<\/span> <a href=\"https:\/\/gymnasium-bad-freienwalde.de\/1neuhp\/category\/aktuelle-beitraege\/\" rel=\"category tag\">Aktuelle Beitr\u00e4ge<\/a>, <a href=\"https:\/\/gymnasium-bad-freienwalde.de\/1neuhp\/category\/allgemein\/\" rel=\"category tag\">Allgemein<\/a>, <a href=\"https:\/\/gymnasium-bad-freienwalde.de\/1neuhp\/category\/unterrichtsfaecher\/gegeopbler\/\" rel=\"category tag\">Geschichte \/ Geografie \/ Politische Bildung \/ LER<\/a>, <a href=\"https:\/\/gymnasium-bad-freienwalde.de\/1neuhp\/category\/projekte\/\" rel=\"category tag\">Projekte<\/a>\t\t\t<\/span>\n\t\t\t<span class=\"meta-sep\">|<\/span>\n\t\t\t\t\t\t<span class=\"comments-link\">\n\t\t\t<span>Kommentare deaktiviert<span class=\"screen-reader-text\"> f\u00fcr Erfolgreiche Er\u00f6ffnung der Ausstellung\u00a0\u201eDemokratie st\u00e4rken \u2013 Rechtsextremismus bek\u00e4mpfen\u201c<\/span><\/span>\t\t<\/span>\n\t\t\t<\/div>\n<\/div>\n<!-- \/\/ Post Wrap End -->\n\n<!-- NOTE: If you need to make changes to this file, copy it to your current theme's main\n\tdirectory so your changes won't be overwritten when the plugin is upgraded. -->\n\n<!-- Post Wrap Start-->\n<div class=\"post hentry ivycat-post\">\n\n\t<!-- \tThis outputs the post TITLE -->\n\t<h2 class=\"entry-title\"><a href=\"https:\/\/gymnasium-bad-freienwalde.de\/1neuhp\/2025\/09\/09\/ausstellungseroeffung-demokratie-staerken-rechtsextremismus-bekaempfen-am-gymnasium-bertolt-brecht\/\">Ausstellungser\u00f6ffung &#8222;Demokratie st\u00e4rken &#8211; Rechtsextremismus bek\u00e4mpfen&#8220; am Gymnasium &#8222;Bertolt Brecht&#8220;<\/a><\/h2>\n\n\t<!-- \tThis outputs the post EXCERPT.  To display full content including images and html,\n\t\treplace the_excerpt(); with the_content();  below. -->\n\t<div class=\"entry-summary\">\n\t\t<p>Wir laden Sie herzlich zu Er\u00f6ffnung unserer Veranstaltung &#8222;Demokratie st\u00e4rken &#8211; Rechtsextremismus bek\u00e4mpfen&#8220; ein. Bis zum 24.09.2025 f\u00fchren hier Sch\u00fclerguides Interessierte durch eine Ausstellung, die Sch\u00fclerInnen \u00fcber die Gefahren des Rechtsextremismus aufkl\u00e4ren soll.Bitte beachten Sie, dass Sie mit uns einen <a class=\"more-link\" href=\"https:\/\/gymnasium-bad-freienwalde.de\/1neuhp\/2025\/09\/09\/ausstellungseroeffung-demokratie-staerken-rechtsextremismus-bekaempfen-am-gymnasium-bertolt-brecht\/\">weiterlesen&#8230;<\/a><\/p>\n\t<\/div>\n\n\t<!--\tThis outputs the post META information -->\n\t<div class=\"entry-utility\">\n\t\t\t\t\t<span class=\"cat-links\">\n\t\t\t\t<span class=\"entry-utility-prep entry-utility-prep-cat-links\">Posted in<\/span> <a href=\"https:\/\/gymnasium-bad-freienwalde.de\/1neuhp\/category\/aktuelle-beitraege\/\" rel=\"category tag\">Aktuelle Beitr\u00e4ge<\/a>, <a href=\"https:\/\/gymnasium-bad-freienwalde.de\/1neuhp\/category\/unterrichtsfaecher\/gegeopbler\/\" rel=\"category tag\">Geschichte \/ Geografie \/ Politische Bildung \/ LER<\/a>, <a href=\"https:\/\/gymnasium-bad-freienwalde.de\/1neuhp\/category\/projekte\/\" rel=\"category tag\">Projekte<\/a>, <a href=\"https:\/\/gymnasium-bad-freienwalde.de\/1neuhp\/category\/schulleben\/veranstaltungen\/\" rel=\"category tag\">Veranstaltungen<\/a>\t\t\t<\/span>\n\t\t\t<span class=\"meta-sep\">|<\/span>\n\t\t\t\t\t\t<span class=\"comments-link\">\n\t\t\t<span>Kommentare deaktiviert<span class=\"screen-reader-text\"> f\u00fcr Ausstellungser\u00f6ffung &#8222;Demokratie st\u00e4rken &#8211; Rechtsextremismus bek\u00e4mpfen&#8220; am Gymnasium &#8222;Bertolt Brecht&#8220;<\/span><\/span>\t\t<\/span>\n\t\t\t<\/div>\n<\/div>\n<!-- \/\/ Post Wrap End -->\n\n<!-- NOTE: If you need to make changes to this file, copy it to your current theme's main\n\tdirectory so your changes won't be overwritten when the plugin is upgraded. -->\n\n<!-- Post Wrap Start-->\n<div class=\"post hentry ivycat-post\">\n\n\t<!-- \tThis outputs the post TITLE -->\n\t<h2 class=\"entry-title\"><a href=\"https:\/\/gymnasium-bad-freienwalde.de\/1neuhp\/2025\/06\/04\/wir-sind-stolz-auf-unsere-musiker\/\">Wir sind stolz auf unsere Musiker!<\/a><\/h2>\n\n\t<!-- \tThis outputs the post EXCERPT.  To display full content including images and html,\n\t\treplace the_excerpt(); with the_content();  below. -->\n\t<div class=\"entry-summary\">\n\t\t<p>Brief des F\u00f6rdervereins an die Schule: Sehr geehrte Schulleitung, liebe KollegInnen,gemeinsam mit weit \u00fcber 20.000 Musikern aus ganz Deutschland und den Nachbarl\u00e4ndern hat das Orchester Bad Freienwalde in der Zeit vom 28.05.-01.06.2025 am Bundesmusikfest in Ulm \/ Neu Ulm teilgenommen. <a class=\"more-link\" href=\"https:\/\/gymnasium-bad-freienwalde.de\/1neuhp\/2025\/06\/04\/wir-sind-stolz-auf-unsere-musiker\/\">weiterlesen&#8230;<\/a><\/p>\n\t<\/div>\n\n\t<!--\tThis outputs the post META information -->\n\t<div class=\"entry-utility\">\n\t\t\t\t\t<span class=\"cat-links\">\n\t\t\t\t<span class=\"entry-utility-prep entry-utility-prep-cat-links\">Posted in<\/span> <a href=\"https:\/\/gymnasium-bad-freienwalde.de\/1neuhp\/category\/aktuelle-beitraege\/\" rel=\"category tag\">Aktuelle Beitr\u00e4ge<\/a>, <a href=\"https:\/\/gymnasium-bad-freienwalde.de\/1neuhp\/category\/chor\/\" rel=\"category tag\">Chor<\/a>, <a href=\"https:\/\/gymnasium-bad-freienwalde.de\/1neuhp\/category\/unterrichtsfaecher\/kunstmusik-darstellen\/\" rel=\"category tag\">Kunst \/ Musik<\/a>, <a href=\"https:\/\/gymnasium-bad-freienwalde.de\/1neuhp\/category\/projekte\/\" rel=\"category tag\">Projekte<\/a>\t\t\t<\/span>\n\t\t\t<span class=\"meta-sep\">|<\/span>\n\t\t\t\t\t\t<span class=\"comments-link\">\n\t\t\t<span>Kommentare deaktiviert<span class=\"screen-reader-text\"> f\u00fcr Wir sind stolz auf unsere Musiker!<\/span><\/span>\t\t<\/span>\n\t\t\t<\/div>\n<\/div>\n<!-- \/\/ Post Wrap End -->\n<\/code><\/p>\n","protected":false},"excerpt":{"rendered":"","protected":false},"author":17,"featured_media":0,"parent":0,"menu_order":0,"comment_status":"closed","ping_status":"closed","template":"","meta":{"ngg_post_thumbnail":0,"footnotes":""},"class_list":["post-4193","page","type-page","status-publish","hentry","gallery-content-unit"],"_links":{"self":[{"href":"https:\/\/gymnasium-bad-freienwalde.de\/1neuhp\/wp-json\/wp\/v2\/pages\/4193","targetHints":{"allow":["GET"]}}],"collection":[{"href":"https:\/\/gymnasium-bad-freienwalde.de\/1neuhp\/wp-json\/wp\/v2\/pages"}],"about":[{"href":"https:\/\/gymnasium-bad-freienwalde.de\/1neuhp\/wp-json\/wp\/v2\/types\/page"}],"author":[{"embeddable":true,"href":"https:\/\/gymnasium-bad-freienwalde.de\/1neuhp\/wp-json\/wp\/v2\/users\/17"}],"replies":[{"embeddable":true,"href":"https:\/\/gymnasium-bad-freienwalde.de\/1neuhp\/wp-json\/wp\/v2\/comments?post=4193"}],"version-history":[{"count":2,"href":"https:\/\/gymnasium-bad-freienwalde.de\/1neuhp\/wp-json\/wp\/v2\/pages\/4193\/revisions"}],"predecessor-version":[{"id":4763,"href":"https:\/\/gymnasium-bad-freienwalde.de\/1neuhp\/wp-json\/wp\/v2\/pages\/4193\/revisions\/4763"}],"wp:attachment":[{"href":"https:\/\/gymnasium-bad-freienwalde.de\/1neuhp\/wp-json\/wp\/v2\/media?parent=4193"}],"curies":[{"name":"wp","href":"https:\/\/api.w.org\/{rel}","templated":true}]}}