{"id":4157,"date":"2018-05-28T17:38:22","date_gmt":"2018-05-28T15:38:22","guid":{"rendered":"http:\/\/gymnasium-bad-freienwalde.de\/1neuhp\/?page_id=4157"},"modified":"2018-05-28T22:50:27","modified_gmt":"2018-05-28T20:50:27","slug":"weihnachtsmarkt","status":"publish","type":"page","link":"https:\/\/gymnasium-bad-freienwalde.de\/1neuhp\/weihnachtsmarkt\/","title":{"rendered":"Weihnachtsmarkt"},"content":{"rendered":"<figure class=\"featured-image featured\"><img loading=\"lazy\" decoding=\"async\" class=\"attachment-clean-journalfeatured size-clean-journalfeatured wp-post-image\" src=\"https:\/\/gymnasium-bad-freienwalde.de\/1neuhp\/wp-content\/uploads\/ngg_featured\/DSC08344.jpg\" sizes=\"auto, (max-width: 1024px) 100vw, 1024px\" srcset=\"https:\/\/gymnasium-bad-freienwalde.de\/1neuhp\/wp-content\/uploads\/ngg_featured\/DSC08344.jpg 1024w, https:\/\/gymnasium-bad-freienwalde.de\/1neuhp\/wp-content\/uploads\/ngg_featured\/DSC08344-300x149.jpg 300w, https:\/\/gymnasium-bad-freienwalde.de\/1neuhp\/wp-content\/uploads\/ngg_featured\/DSC08344-768x380.jpg 768w\" alt=\"\" width=\"1024\" height=\"507\"><\/figure>\n<div class=\"entry-container\">\n<header class=\"entry-header\">\n<h1 class=\"entry-title\">Weihnachtsmarkt in Bildern<\/h1>\n<\/header>\n<div class=\"entry-content\">\n<p>Es war wieder ein gelungener Abend! Ein gro\u00dfes Dankesch\u00f6n an die Eltern der 9\/1, Frau Suhr, alle anderen Klassen, Lehrer und Helfer! Die richtige Einstimmung auf den ersten Advent und die Weihnachtszeit: die Bl\u00e4ser und der Chor mit Herrn Salewski und mit Unterst\u00fctzung der Musikschule \u2013 besser als jede CD! Gl\u00fchwein, Bratwurst, Pl\u00e4tzchen, K\u00fcrbissuppe, Kakao, selbst gemachte Pralinen, Tombola und \u2026 und \u2026 und. Gem\u00fctlich plaudern und naschen, mitsingen und klatschen, selbst Ehemalige haben den Weg auf den Schulhof gefunden. Der sch\u00f6ne gro\u00dfe Weihnachtsbaum \u00fcberstrahlte die anderen Lichter und l\u00e4utete ganz leise die Weihnachtszeit ein\u2026<\/p>\n<p>Dennis Wenzien und Frau Doerschel waren mit der Kamera unterwegs und haben einige sch\u00f6ne Momente eingefangen.<\/p>\n<p>&nbsp;<\/p>\n<\/div>\n<\/div>\n","protected":false},"excerpt":{"rendered":"<p>Weihnachtsmarkt in Bildern Es war wieder ein gelungener Abend! Ein gro\u00dfes Dankesch\u00f6n an die Eltern der 9\/1, Frau Suhr, alle anderen Klassen, Lehrer und Helfer! Die richtige Einstimmung auf den ersten Advent und die Weihnachtszeit: die Bl\u00e4ser und der Chor <a class=\"more-link\" href=\"https:\/\/gymnasium-bad-freienwalde.de\/1neuhp\/weihnachtsmarkt\/\">weiterlesen&#8230;<\/a><\/p>\n","protected":false},"author":17,"featured_media":0,"parent":0,"menu_order":0,"comment_status":"closed","ping_status":"closed","template":"","meta":{"ngg_post_thumbnail":0,"footnotes":""},"class_list":["post-4157","page","type-page","status-publish","hentry","gallery-content-unit"],"_links":{"self":[{"href":"https:\/\/gymnasium-bad-freienwalde.de\/1neuhp\/wp-json\/wp\/v2\/pages\/4157","targetHints":{"allow":["GET"]}}],"collection":[{"href":"https:\/\/gymnasium-bad-freienwalde.de\/1neuhp\/wp-json\/wp\/v2\/pages"}],"about":[{"href":"https:\/\/gymnasium-bad-freienwalde.de\/1neuhp\/wp-json\/wp\/v2\/types\/page"}],"author":[{"embeddable":true,"href":"https:\/\/gymnasium-bad-freienwalde.de\/1neuhp\/wp-json\/wp\/v2\/users\/17"}],"replies":[{"embeddable":true,"href":"https:\/\/gymnasium-bad-freienwalde.de\/1neuhp\/wp-json\/wp\/v2\/comments?post=4157"}],"version-history":[{"count":3,"href":"https:\/\/gymnasium-bad-freienwalde.de\/1neuhp\/wp-json\/wp\/v2\/pages\/4157\/revisions"}],"predecessor-version":[{"id":4346,"href":"https:\/\/gymnasium-bad-freienwalde.de\/1neuhp\/wp-json\/wp\/v2\/pages\/4157\/revisions\/4346"}],"wp:attachment":[{"href":"https:\/\/gymnasium-bad-freienwalde.de\/1neuhp\/wp-json\/wp\/v2\/media?parent=4157"}],"curies":[{"name":"wp","href":"https:\/\/api.w.org\/{rel}","templated":true}]}}