{"id":4145,"date":"2018-05-28T17:36:09","date_gmt":"2018-05-28T15:36:09","guid":{"rendered":"http:\/\/gymnasium-bad-freienwalde.de\/1neuhp\/?page_id=4145"},"modified":"2018-07-01T00:38:32","modified_gmt":"2018-06-30T22:38:32","slug":"chor","status":"publish","type":"page","link":"https:\/\/gymnasium-bad-freienwalde.de\/1neuhp\/chor\/","title":{"rendered":"Chor"},"content":{"rendered":"<p><code>\n<!-- NOTE: If you need to make changes to this file, copy it to your current theme's main\n\tdirectory so your changes won't be overwritten when the plugin is upgraded. -->\n\n<!-- Post Wrap Start-->\n<div class=\"post hentry ivycat-post\">\n\n\t<!-- \tThis outputs the post TITLE -->\n\t<h2 class=\"entry-title\"><a href=\"https:\/\/gymnasium-bad-freienwalde.de\/1neuhp\/2025\/12\/16\/weihnachtsmarkt-im-schlosspark\/\">Weihnachtsmarkt im Schlosspark<\/a><\/h2>\n\n\t<!-- \tThis outputs the post EXCERPT.  To display full content including images and html,\n\t\treplace the_excerpt(); with the_content();  below. -->\n\t<div class=\"entry-summary\">\n\t\t<p>Am Freitag, den 12.12.2025, war der Chor unserer Schule \u201eSONUS\u201c eingeladen, den Weihnachtsmarkt im Schlosspark Bad Freienwalde musikalisch zu begleiten. Zum regen Treiben an den St\u00e4nden wurde es auf der B\u00fchne weihnachtlich mit Liedern wie \u201eAlle Jahre wieder\u201c, \u201eSind die <a class=\"more-link\" href=\"https:\/\/gymnasium-bad-freienwalde.de\/1neuhp\/2025\/12\/16\/weihnachtsmarkt-im-schlosspark\/\">weiterlesen&#8230;<\/a><\/p>\n\t<\/div>\n\n\t<!--\tThis outputs the post META information -->\n\t<div class=\"entry-utility\">\n\t\t\t\t\t<span class=\"cat-links\">\n\t\t\t\t<span class=\"entry-utility-prep entry-utility-prep-cat-links\">Posted in<\/span> <a href=\"https:\/\/gymnasium-bad-freienwalde.de\/1neuhp\/category\/aktuelle-beitraege\/\" rel=\"category tag\">Aktuelle Beitr\u00e4ge<\/a>, <a href=\"https:\/\/gymnasium-bad-freienwalde.de\/1neuhp\/category\/allgemein\/\" rel=\"category tag\">Allgemein<\/a>, <a href=\"https:\/\/gymnasium-bad-freienwalde.de\/1neuhp\/category\/chor\/\" rel=\"category tag\">Chor<\/a>\t\t\t<\/span>\n\t\t\t<span class=\"meta-sep\">|<\/span>\n\t\t\t\t\t\t<span class=\"comments-link\">\n\t\t\t<span>Kommentare deaktiviert<span class=\"screen-reader-text\"> f\u00fcr Weihnachtsmarkt im Schlosspark<\/span><\/span>\t\t<\/span>\n\t\t\t<\/div>\n<\/div>\n<!-- \/\/ Post Wrap End -->\n\n<!-- NOTE: If you need to make changes to this file, copy it to your current theme's main\n\tdirectory so your changes won't be overwritten when the plugin is upgraded. -->\n\n<!-- Post Wrap Start-->\n<div class=\"post hentry ivycat-post\">\n\n\t<!-- \tThis outputs the post TITLE -->\n\t<h2 class=\"entry-title\"><a href=\"https:\/\/gymnasium-bad-freienwalde.de\/1neuhp\/2025\/06\/04\/wir-sind-stolz-auf-unsere-musiker\/\">Wir sind stolz auf unsere Musiker!<\/a><\/h2>\n\n\t<!-- \tThis outputs the post EXCERPT.  To display full content including images and html,\n\t\treplace the_excerpt(); with the_content();  below. -->\n\t<div class=\"entry-summary\">\n\t\t<p>Brief des F\u00f6rdervereins an die Schule: Sehr geehrte Schulleitung, liebe KollegInnen,gemeinsam mit weit \u00fcber 20.000 Musikern aus ganz Deutschland und den Nachbarl\u00e4ndern hat das Orchester Bad Freienwalde in der Zeit vom 28.05.-01.06.2025 am Bundesmusikfest in Ulm \/ Neu Ulm teilgenommen. <a class=\"more-link\" href=\"https:\/\/gymnasium-bad-freienwalde.de\/1neuhp\/2025\/06\/04\/wir-sind-stolz-auf-unsere-musiker\/\">weiterlesen&#8230;<\/a><\/p>\n\t<\/div>\n\n\t<!--\tThis outputs the post META information -->\n\t<div class=\"entry-utility\">\n\t\t\t\t\t<span class=\"cat-links\">\n\t\t\t\t<span class=\"entry-utility-prep entry-utility-prep-cat-links\">Posted in<\/span> <a href=\"https:\/\/gymnasium-bad-freienwalde.de\/1neuhp\/category\/aktuelle-beitraege\/\" rel=\"category tag\">Aktuelle Beitr\u00e4ge<\/a>, <a href=\"https:\/\/gymnasium-bad-freienwalde.de\/1neuhp\/category\/chor\/\" rel=\"category tag\">Chor<\/a>, <a href=\"https:\/\/gymnasium-bad-freienwalde.de\/1neuhp\/category\/unterrichtsfaecher\/kunstmusik-darstellen\/\" rel=\"category tag\">Kunst \/ Musik<\/a>, <a href=\"https:\/\/gymnasium-bad-freienwalde.de\/1neuhp\/category\/projekte\/\" rel=\"category tag\">Projekte<\/a>\t\t\t<\/span>\n\t\t\t<span class=\"meta-sep\">|<\/span>\n\t\t\t\t\t\t<span class=\"comments-link\">\n\t\t\t<span>Kommentare deaktiviert<span class=\"screen-reader-text\"> f\u00fcr Wir sind stolz auf unsere Musiker!<\/span><\/span>\t\t<\/span>\n\t\t\t<\/div>\n<\/div>\n<!-- \/\/ Post Wrap End -->\n\n<!-- NOTE: If you need to make changes to this file, copy it to your current theme's main\n\tdirectory so your changes won't be overwritten when the plugin is upgraded. -->\n\n<!-- Post Wrap Start-->\n<div class=\"post hentry ivycat-post\">\n\n\t<!-- \tThis outputs the post TITLE -->\n\t<h2 class=\"entry-title\"><a href=\"https:\/\/gymnasium-bad-freienwalde.de\/1neuhp\/2023\/02\/18\/ueber-uns-den-sonus-chor\/\">\u00dcber uns, den SONUS-Chor!<\/a><\/h2>\n\n\t<!-- \tThis outputs the post EXCERPT.  To display full content including images and html,\n\t\treplace the_excerpt(); with the_content();  below. -->\n\t<div class=\"entry-summary\">\n\t\t<p>Singen, Spa\u00df, Zusammenhalt, das alles macht unseren Chor aus. Er ist das Aush\u00e4ngeschild des Gymnasiums Bad Freienwalde. Au\u00dferdem repr\u00e4sentiert er die Schule regional, national und international nach Au\u00dfen durch zahlreiche Projekte und Auftritte (Weihnachtsm\u00e4rkte, Mitternachtskonzert der Stadt Bad Freienwalde, Chor- <a class=\"more-link\" href=\"https:\/\/gymnasium-bad-freienwalde.de\/1neuhp\/2023\/02\/18\/ueber-uns-den-sonus-chor\/\">weiterlesen&#8230;<\/a><\/p>\n\t<\/div>\n\n\t<!--\tThis outputs the post META information -->\n\t<div class=\"entry-utility\">\n\t\t\t\t\t<span class=\"cat-links\">\n\t\t\t\t<span class=\"entry-utility-prep entry-utility-prep-cat-links\">Posted in<\/span> <a href=\"https:\/\/gymnasium-bad-freienwalde.de\/1neuhp\/category\/aktuelle-beitraege\/\" rel=\"category tag\">Aktuelle Beitr\u00e4ge<\/a>, <a href=\"https:\/\/gymnasium-bad-freienwalde.de\/1neuhp\/category\/allgemein\/\" rel=\"category tag\">Allgemein<\/a>, <a href=\"https:\/\/gymnasium-bad-freienwalde.de\/1neuhp\/category\/chor\/\" rel=\"category tag\">Chor<\/a>\t\t\t<\/span>\n\t\t\t<span class=\"meta-sep\">|<\/span>\n\t\t\t\t\t\t<span class=\"comments-link\">\n\t\t\t<span>Kommentare deaktiviert<span class=\"screen-reader-text\"> f\u00fcr \u00dcber uns, den SONUS-Chor!<\/span><\/span>\t\t<\/span>\n\t\t\t<\/div>\n<\/div>\n<!-- \/\/ Post Wrap End -->\n\n<!-- NOTE: If you need to make changes to this file, copy it to your current theme's main\n\tdirectory so your changes won't be overwritten when the plugin is upgraded. -->\n\n<!-- Post Wrap Start-->\n<div class=\"post hentry ivycat-post\">\n\n\t<!-- \tThis outputs the post TITLE -->\n\t<h2 class=\"entry-title\"><a href=\"https:\/\/gymnasium-bad-freienwalde.de\/1neuhp\/2023\/02\/15\/endlich-war-es-wieder-soweit\/\">Endlich war es wieder soweit!<\/a><\/h2>\n\n\t<!-- \tThis outputs the post EXCERPT.  To display full content including images and html,\n\t\treplace the_excerpt(); with the_content();  below. -->\n\t<div class=\"entry-summary\">\n\t\t<p>Der Sonus-Chor und die Band \u201eLos Knackos\u201c versammelten sich vom 23.\u201326.01.2023 im \u201eK\u00fcnstlerhaus Arton\u201c am Werbellinsee. Dort nahmen sich die jungen Musiker einige Tage Zeit, um neues Repertoire zu erarbeiten. Bevor die Mitglieder starten konnten, mussten sie allerdings ihren Arbeitsort <a class=\"more-link\" href=\"https:\/\/gymnasium-bad-freienwalde.de\/1neuhp\/2023\/02\/15\/endlich-war-es-wieder-soweit\/\">weiterlesen&#8230;<\/a><\/p>\n\t<\/div>\n\n\t<!--\tThis outputs the post META information -->\n\t<div class=\"entry-utility\">\n\t\t\t\t\t<span class=\"cat-links\">\n\t\t\t\t<span class=\"entry-utility-prep entry-utility-prep-cat-links\">Posted in<\/span> <a href=\"https:\/\/gymnasium-bad-freienwalde.de\/1neuhp\/category\/aktuelle-beitraege\/\" rel=\"category tag\">Aktuelle Beitr\u00e4ge<\/a>, <a href=\"https:\/\/gymnasium-bad-freienwalde.de\/1neuhp\/category\/chor\/\" rel=\"category tag\">Chor<\/a>, <a href=\"https:\/\/gymnasium-bad-freienwalde.de\/1neuhp\/category\/fahrten-exkursionen\/\" rel=\"category tag\">Fahrten &amp; Exkursionen<\/a>\t\t\t<\/span>\n\t\t\t<span class=\"meta-sep\">|<\/span>\n\t\t\t\t\t\t<span class=\"comments-link\">\n\t\t\t<span>Kommentare deaktiviert<span class=\"screen-reader-text\"> f\u00fcr Endlich war es wieder soweit!<\/span><\/span>\t\t<\/span>\n\t\t\t<\/div>\n<\/div>\n<!-- \/\/ Post Wrap End -->\n<\/code><\/p>\n","protected":false},"excerpt":{"rendered":"","protected":false},"author":17,"featured_media":0,"parent":0,"menu_order":0,"comment_status":"closed","ping_status":"closed","template":"","meta":{"ngg_post_thumbnail":0,"footnotes":""},"class_list":["post-4145","page","type-page","status-publish","hentry","gallery-content-unit"],"_links":{"self":[{"href":"https:\/\/gymnasium-bad-freienwalde.de\/1neuhp\/wp-json\/wp\/v2\/pages\/4145","targetHints":{"allow":["GET"]}}],"collection":[{"href":"https:\/\/gymnasium-bad-freienwalde.de\/1neuhp\/wp-json\/wp\/v2\/pages"}],"about":[{"href":"https:\/\/gymnasium-bad-freienwalde.de\/1neuhp\/wp-json\/wp\/v2\/types\/page"}],"author":[{"embeddable":true,"href":"https:\/\/gymnasium-bad-freienwalde.de\/1neuhp\/wp-json\/wp\/v2\/users\/17"}],"replies":[{"embeddable":true,"href":"https:\/\/gymnasium-bad-freienwalde.de\/1neuhp\/wp-json\/wp\/v2\/comments?post=4145"}],"version-history":[{"count":2,"href":"https:\/\/gymnasium-bad-freienwalde.de\/1neuhp\/wp-json\/wp\/v2\/pages\/4145\/revisions"}],"predecessor-version":[{"id":4927,"href":"https:\/\/gymnasium-bad-freienwalde.de\/1neuhp\/wp-json\/wp\/v2\/pages\/4145\/revisions\/4927"}],"wp:attachment":[{"href":"https:\/\/gymnasium-bad-freienwalde.de\/1neuhp\/wp-json\/wp\/v2\/media?parent=4145"}],"curies":[{"name":"wp","href":"https:\/\/api.w.org\/{rel}","templated":true}]}}