{"id":4109,"date":"2018-05-28T17:23:21","date_gmt":"2018-05-28T15:23:21","guid":{"rendered":"http:\/\/gymnasium-bad-freienwalde.de\/1neuhp\/?page_id=4109"},"modified":"2024-05-22T16:13:37","modified_gmt":"2024-05-22T14:13:37","slug":"schulbibliothek","status":"publish","type":"page","link":"https:\/\/gymnasium-bad-freienwalde.de\/1neuhp\/schulbibliothek\/","title":{"rendered":"Schulbibliothek"},"content":{"rendered":"<h1>Unsere Schulbibliothek (Raum 319)<\/h1>\n<h1><a href=\"https:\/\/gymnasium-bad-freienwalde.de\/1neuhp\/wp-content\/uploads\/2018\/10\/1.jpg\"><img loading=\"lazy\" decoding=\"async\" class=\"alignnone size-medium wp-image-5434\" src=\"https:\/\/gymnasium-bad-freienwalde.de\/1neuhp\/wp-content\/uploads\/2018\/10\/1-300x225.jpg\" alt=\"\" width=\"300\" height=\"225\" srcset=\"https:\/\/gymnasium-bad-freienwalde.de\/1neuhp\/wp-content\/uploads\/2018\/10\/1-300x225.jpg 300w, https:\/\/gymnasium-bad-freienwalde.de\/1neuhp\/wp-content\/uploads\/2018\/10\/1-350x263.jpg 350w, https:\/\/gymnasium-bad-freienwalde.de\/1neuhp\/wp-content\/uploads\/2018\/10\/1-250x188.jpg 250w, https:\/\/gymnasium-bad-freienwalde.de\/1neuhp\/wp-content\/uploads\/2018\/10\/1.jpg 640w\" sizes=\"auto, (max-width: 300px) 100vw, 300px\" \/>&nbsp;<\/a><\/h1>\n<p><strong><em>\u201eDas Lesen f\u00f6rdert die Identit\u00e4tsentwicklung des Kindes; es hilft ihm, die Sichtweisen anderer zu verstehen; es lehrt den spielerischen Umgang mit Sprache, es er\u00f6ffnet die M\u00f6glichkeit, in der Parallelwelt des Buches Pr\u00fcfungen zu bestehen, die man auch in der wirklichen Welt f\u00fcrchtet.\u201c <\/em><\/strong><em>(Susanne Gaschke)<\/em><\/p>\n<p>&nbsp;<\/p>\n<ul>\n<li><strong>Verantwortlich<\/strong>: Frau Heidemann<\/li>\n<li><strong style=\"font-size: inherit;\">\u00d6ffnungszeiten<\/strong><span style=\"font-size: inherit;\">: Mittagsband (11.40 \u2013 12.05 Uhr)<br \/>\n<\/span>Montag &#8211; Freitag<\/li>\n<li><strong style=\"font-size: inherit;\">Wie werde ich Nutzer?<br \/>\n<\/strong>Alle Bibliotheksbenutzer werden im Computer registriert und erhalten eine Nutzer-ID, die auf dem Sch\u00fclerausweis vermerkt wird. Die Medien der Bibliothek k\u00f6nnen f\u00fcr 4 Wochen ausgeliehen werden; wenn n\u00f6tig, ist auch eine Verl\u00e4ngerung m\u00f6glich.<\/li>\n<li><strong>Was bietet die Bibliothek?<\/strong><\/li>\n<\/ul>\n<p>Nachschlagwerke, Fachliteratur zu allen Unterrichtsf\u00e4chern (auch Lehrb\u00fccher), Belletristik (auch englisch,\u2026), eine Dauerleihgabe der Stadt- und Kreisbibliothek &#8222;Hans Keilson&#8220; Bad Freienwalde (Klassiker), eine Auswahl der von den Nationalsozialisten verfemten und verbotenen Literatur (Bibliothek Verbrannter B\u00fccher), Digitale Bibliothek, Facharbeiten von Sch\u00fclern, CDs, DVDs, Zeitschriften &#8230;&nbsp; Sie ist inzwischen auf weit \u00fcber 4000 Medien angewachsen.<\/p>\n<ul>\n<li><strong><em>Kooperationspartner:<\/em><\/strong> <a href=\"https:\/\/www.bibliothek-bad-freienwalde.de\/index.php\">Stadt- und Kreisbibliothek \u201eHans Keilson\u201c Bad Freienwalde<\/a>&nbsp;<\/li>\n<li><strong><em>Empfehlungen im Internet:&nbsp; <\/em><\/strong><\/li>\n<\/ul>\n<p><strong><em>&nbsp;&nbsp;&nbsp;&nbsp; <\/em><\/strong><a href=\"http:\/\/www.lesespass-guetersloh.de\/lesespass\/\">http:\/\/www.lesespass-guetersloh.de\/lesespass\/<\/a><\/p>\n<p>Stand: August 2022<\/p>\n<p>Zitatquelle: http:\/\/www.gutzitiert.de\/zitate_sprueche-lesen.html?page=2<\/p>\n","protected":false},"excerpt":{"rendered":"<p>Unsere Schulbibliothek (Raum 319) &nbsp; \u201eDas Lesen f\u00f6rdert die Identit\u00e4tsentwicklung des Kindes; es hilft ihm, die Sichtweisen anderer zu verstehen; es lehrt den spielerischen Umgang mit Sprache, es er\u00f6ffnet die M\u00f6glichkeit, in der Parallelwelt des Buches Pr\u00fcfungen zu bestehen, die <a class=\"more-link\" href=\"https:\/\/gymnasium-bad-freienwalde.de\/1neuhp\/schulbibliothek\/\">weiterlesen&#8230;<\/a><\/p>\n","protected":false},"author":17,"featured_media":0,"parent":0,"menu_order":0,"comment_status":"closed","ping_status":"closed","template":"","meta":{"ngg_post_thumbnail":0,"footnotes":""},"class_list":["post-4109","page","type-page","status-publish","hentry","gallery-content-unit"],"_links":{"self":[{"href":"https:\/\/gymnasium-bad-freienwalde.de\/1neuhp\/wp-json\/wp\/v2\/pages\/4109","targetHints":{"allow":["GET"]}}],"collection":[{"href":"https:\/\/gymnasium-bad-freienwalde.de\/1neuhp\/wp-json\/wp\/v2\/pages"}],"about":[{"href":"https:\/\/gymnasium-bad-freienwalde.de\/1neuhp\/wp-json\/wp\/v2\/types\/page"}],"author":[{"embeddable":true,"href":"https:\/\/gymnasium-bad-freienwalde.de\/1neuhp\/wp-json\/wp\/v2\/users\/17"}],"replies":[{"embeddable":true,"href":"https:\/\/gymnasium-bad-freienwalde.de\/1neuhp\/wp-json\/wp\/v2\/comments?post=4109"}],"version-history":[{"count":2,"href":"https:\/\/gymnasium-bad-freienwalde.de\/1neuhp\/wp-json\/wp\/v2\/pages\/4109\/revisions"}],"predecessor-version":[{"id":13761,"href":"https:\/\/gymnasium-bad-freienwalde.de\/1neuhp\/wp-json\/wp\/v2\/pages\/4109\/revisions\/13761"}],"wp:attachment":[{"href":"https:\/\/gymnasium-bad-freienwalde.de\/1neuhp\/wp-json\/wp\/v2\/media?parent=4109"}],"curies":[{"name":"wp","href":"https:\/\/api.w.org\/{rel}","templated":true}]}}