{"id":363,"date":"2017-11-27T12:20:59","date_gmt":"2017-11-27T11:20:59","guid":{"rendered":"http:\/\/gymnasium-bad-freienwalde.de\/1neuhp\/?page_id=363"},"modified":"2025-07-23T08:44:10","modified_gmt":"2025-07-23T06:44:10","slug":"schneesport","status":"publish","type":"page","link":"https:\/\/gymnasium-bad-freienwalde.de\/1neuhp\/schulleben\/schneesport\/","title":{"rendered":"Schneesport"},"content":{"rendered":"\n<figure class=\"wp-block-table\"><table><tbody><tr><td>&nbsp;<\/td><td>\n<p><\/p><\/td><\/tr><\/tbody><\/table><\/figure>\n\n\n\n<figure class=\"wp-block-video\"><video controls src=\"https:\/\/gymnasium-bad-freienwalde.de\/1neuhp\/wp-content\/uploads\/2018\/05\/Werbefilm.mp4\"><\/video><\/figure>\n\n\n\n<h1 class=\"wp-block-heading\"><span style=\"color: #ff9900;\">Ski, Snowboards und Schnee<\/span><\/h1>\n\n\n\n<h5 class=\"wp-block-heading\"><span style=\"color: #ff9900;\">Unsere Schneesportfahrt<\/span><\/h5>\n\n\n\n<hr class=\"wp-block-separator has-css-opacity\"\/>\n\n\n<div class=\"wp-block-image\">\n<figure class=\"alignleft\"><img loading=\"lazy\" decoding=\"async\" width=\"300\" height=\"169\" src=\"https:\/\/gymnasium-bad-freienwalde.de\/1neuhp\/wp-content\/uploads\/2017\/11\/20170116_114152-300x169.jpg\" alt=\"\" class=\"wp-image-386\" srcset=\"https:\/\/gymnasium-bad-freienwalde.de\/1neuhp\/wp-content\/uploads\/2017\/11\/20170116_114152-300x169.jpg 300w, https:\/\/gymnasium-bad-freienwalde.de\/1neuhp\/wp-content\/uploads\/2017\/11\/20170116_114152-768x432.jpg 768w, https:\/\/gymnasium-bad-freienwalde.de\/1neuhp\/wp-content\/uploads\/2017\/11\/20170116_114152-1024x576.jpg 1024w, https:\/\/gymnasium-bad-freienwalde.de\/1neuhp\/wp-content\/uploads\/2017\/11\/20170116_114152-1320x743.jpg 1320w, https:\/\/gymnasium-bad-freienwalde.de\/1neuhp\/wp-content\/uploads\/2017\/11\/20170116_114152.jpg 1920w\" sizes=\"auto, (max-width: 300px) 100vw, 300px\" \/><\/figure><\/div>\n\n<div class=\"wp-block-image\">\n<figure class=\"alignright\"><img loading=\"lazy\" decoding=\"async\" width=\"300\" height=\"169\" src=\"https:\/\/gymnasium-bad-freienwalde.de\/1neuhp\/wp-content\/uploads\/2017\/11\/20170117_134225-300x169.jpg\" alt=\"\" class=\"wp-image-389\" srcset=\"https:\/\/gymnasium-bad-freienwalde.de\/1neuhp\/wp-content\/uploads\/2017\/11\/20170117_134225-300x169.jpg 300w, https:\/\/gymnasium-bad-freienwalde.de\/1neuhp\/wp-content\/uploads\/2017\/11\/20170117_134225-768x432.jpg 768w, https:\/\/gymnasium-bad-freienwalde.de\/1neuhp\/wp-content\/uploads\/2017\/11\/20170117_134225-1024x576.jpg 1024w, https:\/\/gymnasium-bad-freienwalde.de\/1neuhp\/wp-content\/uploads\/2017\/11\/20170117_134225-1320x743.jpg 1320w\" sizes=\"auto, (max-width: 300px) 100vw, 300px\" \/><\/figure><\/div>\n\n\n<p>Traditionell findet in jedem Jahr im Januar unser Schneesport &#8211; Projekt statt. Dieses Angebot richtet sich vorrangig an die Klassenstufe 8, wobei alle noch freien Pl\u00e4tze mit Interessenten aus anderen Jahrg\u00e4ngen auf gef\u00fcllt werden. Wir f\u00fchren eine Ausbildungsfahrt nach S\u00fcdtirol in Italien zu hochalpinem Gel\u00e4nde mit Pisten bis 2510 m H\u00f6he durch. Wintersportbegeisterte Sch\u00fclerinnen und Sch\u00fcler und die, die es werden wollen, k\u00f6nnen sich dort in den Disziplinen Ski alpin und Snowboard ausbilden lassen. Als Ausbilder*innen sind Lehrerinnen und Lehrer unserer Schule dabei, die uns quasi &#8222;rund um die Uhr&#8220; betreuen. Unsere qualifizierten Schneesportlehrkr\u00e4fte haben Zertifizierungen als &#8222;Schneesportlehrer Brandenburg&#8220; oder Trainerlizenzen vom DSV. Wer also etwas Neues kennenlernen, oder etwas dazu lernen m\u00f6chte, ist bei uns richtig.<\/p>\n\n\n\n<p>Durch unsere Zusammenarbeit mit erfahrenen Reiseveranstaltern (<a href=\"https:\/\/www.alpetour.de\/klassenfahrten-jugendgruppen\/klassenfahrt\/winter-ski-und-schnee\/\">Alpetour<\/a>) und den Einsatz &#8222;eigener&#8220; Ski- und Snowboardlehrkr\u00e4fte, k\u00f6nnen wir einen sehr g\u00fcnstigen Gesamtpreis anbieten. Der Preis beinhaltet die An- und Abreise mit modernen Reisebussen, Unterkunft mit Vollpension im Skigebiet, Liftp\u00e4sse, Materialausleihe, Skibus vor Ort und t\u00e4glich ca. 6 Stunden Ausbildung. Wer eigenes Ski- oder Snowboardmaterial mitbringt, kann sogar noch etwas extra sparen. F\u00fcr Familien mit geringem Einkommen gibt es M\u00f6glichkeiten f\u00fcr finanzielle Unterst\u00fctzung. Sprechen Sie uns an, wir beraten Sie gerne.<\/p>\n\n\n<div class=\"wp-block-image\">\n<figure class=\"alignleft\"><img loading=\"lazy\" decoding=\"async\" width=\"300\" height=\"169\" src=\"https:\/\/gymnasium-bad-freienwalde.de\/1neuhp\/wp-content\/uploads\/2017\/11\/20170117_110951-300x169.jpg\" alt=\"\" class=\"wp-image-393\" srcset=\"https:\/\/gymnasium-bad-freienwalde.de\/1neuhp\/wp-content\/uploads\/2017\/11\/20170117_110951-300x169.jpg 300w, https:\/\/gymnasium-bad-freienwalde.de\/1neuhp\/wp-content\/uploads\/2017\/11\/20170117_110951-768x432.jpg 768w, https:\/\/gymnasium-bad-freienwalde.de\/1neuhp\/wp-content\/uploads\/2017\/11\/20170117_110951-1024x576.jpg 1024w, https:\/\/gymnasium-bad-freienwalde.de\/1neuhp\/wp-content\/uploads\/2017\/11\/20170117_110951-1320x743.jpg 1320w\" sizes=\"auto, (max-width: 300px) 100vw, 300px\" \/><\/figure><\/div>\n\n\n<p>Als Skigebiet haben wir den <a href=\"http:\/\/www.skiworldahrntal.it\/de\/ski\/skiworld\/skiworld-ahrntal\">Klausberg<\/a> im Ahrntal in S\u00fcdtirol gew\u00e4hlt. Dort finden wir beste Bedingungen zu einem sehr attraktiven Preis vor. Der Klausberg bietet moderne Liftanlagen (ausschlie\u00dflich Sessellifte und Gondelbahnen) und Pisten in allen Schwierigkeitsgraden.<\/p>\n\n\n\n<p>Jeder Teilnehmer erh\u00e4lt von uns eine intensive individuelle Betreuung w\u00e4hrend der Ausbildung. Die Gruppenst\u00e4rke am Hang betr\u00e4gt maximal 10 Teilnehmer pro Ausbilder*in. Die Gruppeneinteilungen werden nach den pers\u00f6nlichen F\u00e4higkeiten vorgenommen. Dabei sind die Gruppen von Anf\u00e4nger \u00fcber Fortgeschrittene bis zu K\u00f6nnern in beiden Richtungen durchl\u00e4ssig. Wer schneller lernt, kommt weiter. Wer mehr Zeit zum \u00dcben ben\u00f6tigt, kann sich Zeit lassen. Ihr bestimmt den Lernfortschritt selbst! <\/p>\n\n\n\n<p>Am Ende der Woche wird jeder Teilnehmer vom Ausbilderteam mit einer Note im Fach Sport bewertet. Dabei z\u00e4hlt nicht allein der sportliche Erfolg. Wir treten als Ausbildungsgruppe immer vorbildlich auf, sch\u00fctzen die Umwelt, halten uns an Regeln, unterst\u00fctzen uns gegenseitig und warten auf einander. So flie\u00dfen dann letztlich auch soziale Kompetenzen in die Bewertung ein.<\/p>\n\n\n<div class=\"wp-block-image\">\n<figure class=\"aligncenter\"><img loading=\"lazy\" decoding=\"async\" width=\"1024\" height=\"576\" src=\"https:\/\/gymnasium-bad-freienwalde.de\/1neuhp\/wp-content\/uploads\/2017\/11\/MOVI0016-1024x576.jpg\" alt=\"\" class=\"wp-image-626\" srcset=\"https:\/\/gymnasium-bad-freienwalde.de\/1neuhp\/wp-content\/uploads\/2017\/11\/MOVI0016-1024x576.jpg 1024w, https:\/\/gymnasium-bad-freienwalde.de\/1neuhp\/wp-content\/uploads\/2017\/11\/MOVI0016-300x169.jpg 300w, https:\/\/gymnasium-bad-freienwalde.de\/1neuhp\/wp-content\/uploads\/2017\/11\/MOVI0016-768x432.jpg 768w, https:\/\/gymnasium-bad-freienwalde.de\/1neuhp\/wp-content\/uploads\/2017\/11\/MOVI0016-1320x743.jpg 1320w, https:\/\/gymnasium-bad-freienwalde.de\/1neuhp\/wp-content\/uploads\/2017\/11\/MOVI0016.jpg 1920w\" sizes=\"auto, (max-width: 1024px) 100vw, 1024px\" \/><\/figure><\/div>\n\n\n<p>Sicherheit wird bei uns gro\u00df geschrieben. Wir wollen jeden Teilnehmer gesund zur\u00fcckbringen. Deshalb achten wir auf eine gute und aktuelle Ausbildung unseres Lehrpersonals, aber auch auf die Einhaltung wichtiger Verhaltensregeln am Skihang und auf den Liftanlagen<a href=\"https:\/\/www.ski-online.de\/stiftung-sicherheit\/fis-verhaltensregeln.html\"> (z.B. FIS-Regeln, &#8230;)<\/a>. Unsere Teilnehmer werden auch in theoretischen Schneesportinhalten geschult. Anhand der aktuellen Tageswitterung, der Schneeverh\u00e4ltnisse, sowie des offiziellen Lavinenberichts werden das Tagesprogramm und die Pistenwahl st\u00e4ndig \u00fcberpr\u00fcft und ggf. aktualisiert.<\/p>\n\n\n\n<p>F\u00fcr interessante Freizeitgestaltung sogen wir ebenfalls. Falls nach dem Ausbildungstag noch Kr\u00e4fte \u00fcbrig sind, nutzen wir eine der l\u00e4ngsten Rodelabfahrten in S\u00fcdtirol, wir gestalten unsere gemeinsamen Abende mit Gesellschaftspielen und Gespr\u00e4chen oder besuchen auch mal die Disco. So w\u00e4chst innerhalb einer Woche die &#8222;Gruppe der Schneesportteilnehmer&#8220; zu einem Schneesportteam zusammen.<\/p>\n\n\n\n<figure class=\"wp-block-table\"><table><tbody><tr><td>&nbsp;<\/td><td><img loading=\"lazy\" decoding=\"async\" class=\"size-medium wp-image-632 aligncenter\" src=\"https:\/\/gymnasium-bad-freienwalde.de\/1neuhp\/wp-content\/uploads\/2017\/11\/20170118_130723-300x169.jpg\" alt=\"\" width=\"300\" height=\"169\" srcset=\"https:\/\/gymnasium-bad-freienwalde.de\/1neuhp\/wp-content\/uploads\/2017\/11\/20170118_130723-300x169.jpg 300w, https:\/\/gymnasium-bad-freienwalde.de\/1neuhp\/wp-content\/uploads\/2017\/11\/20170118_130723-768x432.jpg 768w, https:\/\/gymnasium-bad-freienwalde.de\/1neuhp\/wp-content\/uploads\/2017\/11\/20170118_130723-1024x576.jpg 1024w, https:\/\/gymnasium-bad-freienwalde.de\/1neuhp\/wp-content\/uploads\/2017\/11\/20170118_130723-1320x743.jpg 1320w\" sizes=\"auto, (max-width: 300px) 100vw, 300px\" \/><\/td><td><img loading=\"lazy\" decoding=\"async\" class=\"size-medium wp-image-628 aligncenter\" src=\"https:\/\/gymnasium-bad-freienwalde.de\/1neuhp\/wp-content\/uploads\/2017\/11\/MOVI0023-300x169.jpg\" alt=\"\" width=\"300\" height=\"169\" srcset=\"https:\/\/gymnasium-bad-freienwalde.de\/1neuhp\/wp-content\/uploads\/2017\/11\/MOVI0023-300x169.jpg 300w, https:\/\/gymnasium-bad-freienwalde.de\/1neuhp\/wp-content\/uploads\/2017\/11\/MOVI0023-768x432.jpg 768w, https:\/\/gymnasium-bad-freienwalde.de\/1neuhp\/wp-content\/uploads\/2017\/11\/MOVI0023-1024x576.jpg 1024w, https:\/\/gymnasium-bad-freienwalde.de\/1neuhp\/wp-content\/uploads\/2017\/11\/MOVI0023-1320x743.jpg 1320w, https:\/\/gymnasium-bad-freienwalde.de\/1neuhp\/wp-content\/uploads\/2017\/11\/MOVI0023.jpg 1920w\" sizes=\"auto, (max-width: 300px) 100vw, 300px\" \/><\/td><td>&nbsp;<\/td><\/tr><\/tbody><\/table><\/figure>\n\n\n\n<p>Wir suchen immer Eltern und interessierte Erwachsene, die Verantwortung als Betreuer*in \u00fcbernehmen wollen. Dabei muss man nicht Ski oder Snowboard fahren k\u00f6nnen, ein Einsatz als Ausbilder*in ist nicht vorgesehen. Vielmehr ben\u00f6tigen wir zus\u00e4tzliche Betreuer*innen f\u00fcr die unterrichtsfreie Zeit am Abend und als &#8222;Krankenschwester&#8220; f\u00fcr unsere Teilnehmer*innen, die mal einen Ruhetag brauchen. Als Gegenleistung k\u00f6nnen Sie uns, wann immer es geht, an den Skihang begleiten und so ganz &#8222;nebenbei&#8220; einen gratis Ski- bzw. Snowboardkurs machen. Oder Sie genie\u00dfen einfach mit uns den Schnee und die traumhafte Landschaft in S\u00fcdtirol.<\/p>\n\n\n\n<p>Also, der Berg ruft! Wir freuen uns auf die n\u00e4chste Fahrt &#8211; dann mit Dir!? Sei dabei!<\/p>\n\n\n\n<p class=\"has-text-align-left\">Euer Schneesportteam.<\/p>\n\n\n\n<p class=\"has-text-align-center\"><a href=\"https:\/\/gymnasium-bad-freienwalde.de\/1neuhp\/wp-content\/uploads\/2018\/05\/Bericht.pdf\">Teilnehmerbericht 2018<\/a><\/p>\n\n\n\n<h1 class=\"wp-block-heading\"><\/h1>\n\n\n\n<h2 class=\"wp-block-heading has-text-align-center\"><strong>n\u00e4chste Fahrt voraussichtlich: <\/strong><\/h2>\n\n\n\n<h2 class=\"wp-block-heading has-text-align-center\">n.n. bis n.n.<\/h2>\n\n\n\n<h2 class=\"wp-block-heading has-text-align-center\">Ahrntal, S\u00fcdtirol (Italien)<\/h2>\n\n\n\n<p class=\"has-text-align-center\">Skigebiet: Klausberg<\/p>\n\n\n\n<p><code>\n<!-- NOTE: If you need to make changes to this file, copy it to your current theme's main\n\tdirectory so your changes won't be overwritten when the plugin is upgraded. -->\n\n<!-- Post Wrap Start-->\n<div class=\"post hentry ivycat-post\">\n\n\t<!-- \tThis outputs the post TITLE -->\n\t<h2 class=\"entry-title\"><a href=\"https:\/\/gymnasium-bad-freienwalde.de\/1neuhp\/2024\/02\/02\/schneesportfahrt-24\/\">Schneesportfahrt 24<\/a><\/h2>\n\n\t<!-- \tThis outputs the post EXCERPT.  To display full content including images and html,\n\t\treplace the_excerpt(); with the_content();  below. -->\n\t<div class=\"entry-summary\">\n\t\t<p>Am 20.01.2024 begann&nbsp;wieder einmal&nbsp;die Schneesportfahrt. Die gesamte Gruppe kam gegen 21:00 Uhr im&nbsp;Ahrntal&nbsp;an und entspannte den restlichen Abend, bis es dann am n\u00e4chsten Tag zum Skiverleih ging. An diesem Tag, also dem ersten Fahrtag, wurden&nbsp;erstmals alle Grund\u00fcbungen erlernt. Levy schrieb <a class=\"more-link\" href=\"https:\/\/gymnasium-bad-freienwalde.de\/1neuhp\/2024\/02\/02\/schneesportfahrt-24\/\">weiterlesen&#8230;<\/a><\/p>\n\t<\/div>\n\n\t<!--\tThis outputs the post META information -->\n\t<div class=\"entry-utility\">\n\t\t\t\t\t<span class=\"cat-links\">\n\t\t\t\t<span class=\"entry-utility-prep entry-utility-prep-cat-links\">Posted in<\/span> <a href=\"https:\/\/gymnasium-bad-freienwalde.de\/1neuhp\/category\/aktuelle-beitraege\/\" rel=\"category tag\">Aktuelle Beitr\u00e4ge<\/a>, <a href=\"https:\/\/gymnasium-bad-freienwalde.de\/1neuhp\/category\/allgemein\/\" rel=\"category tag\">Allgemein<\/a>, <a href=\"https:\/\/gymnasium-bad-freienwalde.de\/1neuhp\/category\/schneesport\/\" rel=\"category tag\">Schneesport<\/a>\t\t\t<\/span>\n\t\t\t<span class=\"meta-sep\">|<\/span>\n\t\t\t\t\t\t<span class=\"comments-link\">\n\t\t\t<span>Kommentare deaktiviert<span class=\"screen-reader-text\"> f\u00fcr Schneesportfahrt 24<\/span><\/span>\t\t<\/span>\n\t\t\t<\/div>\n<\/div>\n<!-- \/\/ Post Wrap End -->\n\n<!-- NOTE: If you need to make changes to this file, copy it to your current theme's main\n\tdirectory so your changes won't be overwritten when the plugin is upgraded. -->\n\n<!-- Post Wrap Start-->\n<div class=\"post hentry ivycat-post\">\n\n\t<!-- \tThis outputs the post TITLE -->\n\t<h2 class=\"entry-title\"><a href=\"https:\/\/gymnasium-bad-freienwalde.de\/1neuhp\/2023\/01\/26\/schnee-sportfahrt-2023\/\">Schnee-Sportfahrt 2023<\/a><\/h2>\n\n\t<!-- \tThis outputs the post EXCERPT.  To display full content including images and html,\n\t\treplace the_excerpt(); with the_content();  below. -->\n\t<div class=\"entry-summary\">\n\t\t<p>Das Gymnasium \u201eBertolt Brecht\u201c hat vor einiger Zeit eine weitere Schnee-Sportfahrt geplant, welche nun endlich stattfindet. Begonnen hat die Reise am Samstag, den 21.1.2023. Am Morgen, um 7:00 Uhr, ist der Bus aus Bad Freienwalde losgefahren und am Abend, um <a class=\"more-link\" href=\"https:\/\/gymnasium-bad-freienwalde.de\/1neuhp\/2023\/01\/26\/schnee-sportfahrt-2023\/\">weiterlesen&#8230;<\/a><\/p>\n\t<\/div>\n\n\t<!--\tThis outputs the post META information -->\n\t<div class=\"entry-utility\">\n\t\t\t\t\t<span class=\"cat-links\">\n\t\t\t\t<span class=\"entry-utility-prep entry-utility-prep-cat-links\">Posted in<\/span> <a href=\"https:\/\/gymnasium-bad-freienwalde.de\/1neuhp\/category\/aktuelle-beitraege\/\" rel=\"category tag\">Aktuelle Beitr\u00e4ge<\/a>, <a href=\"https:\/\/gymnasium-bad-freienwalde.de\/1neuhp\/category\/allgemein\/\" rel=\"category tag\">Allgemein<\/a>, <a href=\"https:\/\/gymnasium-bad-freienwalde.de\/1neuhp\/category\/schulleben\/reise\/\" rel=\"category tag\">Reise<\/a>, <a href=\"https:\/\/gymnasium-bad-freienwalde.de\/1neuhp\/category\/schneesport\/\" rel=\"category tag\">Schneesport<\/a>, <a href=\"https:\/\/gymnasium-bad-freienwalde.de\/1neuhp\/category\/unterrichtsfaecher\/sport\/\" rel=\"category tag\">Sport<\/a>\t\t\t<\/span>\n\t\t\t<span class=\"meta-sep\">|<\/span>\n\t\t\t\t\t\t<span class=\"comments-link\">\n\t\t\t<span>Kommentare deaktiviert<span class=\"screen-reader-text\"> f\u00fcr Schnee-Sportfahrt 2023<\/span><\/span>\t\t<\/span>\n\t\t\t<\/div>\n<\/div>\n<!-- \/\/ Post Wrap End -->\n<\/code><\/p>\n","protected":false},"excerpt":{"rendered":"<p>&nbsp; Ski, Snowboards und Schnee Unsere Schneesportfahrt Traditionell findet in jedem Jahr im Januar unser Schneesport &#8211; Projekt statt. Dieses Angebot richtet sich vorrangig an die Klassenstufe 8, wobei alle noch freien Pl\u00e4tze mit Interessenten aus anderen Jahrg\u00e4ngen auf gef\u00fcllt <a class=\"more-link\" href=\"https:\/\/gymnasium-bad-freienwalde.de\/1neuhp\/2023\/01\/26\/schnee-sportfahrt-2023\/\">weiterlesen&#8230;<\/a><\/p>\n","protected":false},"author":17,"featured_media":0,"parent":265,"menu_order":0,"comment_status":"closed","ping_status":"closed","template":"","meta":{"ngg_post_thumbnail":0,"footnotes":""},"class_list":["post-363","page","type-page","status-publish","hentry","gallery-content-unit"],"_links":{"self":[{"href":"https:\/\/gymnasium-bad-freienwalde.de\/1neuhp\/wp-json\/wp\/v2\/pages\/363","targetHints":{"allow":["GET"]}}],"collection":[{"href":"https:\/\/gymnasium-bad-freienwalde.de\/1neuhp\/wp-json\/wp\/v2\/pages"}],"about":[{"href":"https:\/\/gymnasium-bad-freienwalde.de\/1neuhp\/wp-json\/wp\/v2\/types\/page"}],"author":[{"embeddable":true,"href":"https:\/\/gymnasium-bad-freienwalde.de\/1neuhp\/wp-json\/wp\/v2\/users\/17"}],"replies":[{"embeddable":true,"href":"https:\/\/gymnasium-bad-freienwalde.de\/1neuhp\/wp-json\/wp\/v2\/comments?post=363"}],"version-history":[{"count":3,"href":"https:\/\/gymnasium-bad-freienwalde.de\/1neuhp\/wp-json\/wp\/v2\/pages\/363\/revisions"}],"predecessor-version":[{"id":14898,"href":"https:\/\/gymnasium-bad-freienwalde.de\/1neuhp\/wp-json\/wp\/v2\/pages\/363\/revisions\/14898"}],"up":[{"embeddable":true,"href":"https:\/\/gymnasium-bad-freienwalde.de\/1neuhp\/wp-json\/wp\/v2\/pages\/265"}],"wp:attachment":[{"href":"https:\/\/gymnasium-bad-freienwalde.de\/1neuhp\/wp-json\/wp\/v2\/media?parent=363"}],"curies":[{"name":"wp","href":"https:\/\/api.w.org\/{rel}","templated":true}]}}