{"id":304,"date":"2017-12-11T12:20:46","date_gmt":"2017-12-11T11:20:46","guid":{"rendered":"http:\/\/gymnasium-bad-freienwalde.de\/1neuhp\/?page_id=304"},"modified":"2024-06-05T13:34:34","modified_gmt":"2024-06-05T11:34:34","slug":"sek_ii","status":"publish","type":"page","link":"https:\/\/gymnasium-bad-freienwalde.de\/1neuhp\/sek_ii\/","title":{"rendered":"Sekundarstufe II"},"content":{"rendered":"<h2>Allgemeines:<\/h2>\n<p><strong>Aufbau der gymnasialen Oberstufe:<\/strong><br>JG 10: Abschluss Sekundarstufe I und Einf\u00fchrungsphase<br>JG 11 und JG 12:: Qualifikatiosphase (abiturrelevant)<br>Es gelten die Gymnasiale-Oberstufe-Verordnung (GOSTV) \u2013&nbsp; (21. August 2009, zuletzt ge\u00e4ndert am 17. Juli 2017 \/ 30. Januar 2018)<br>(Link: <a title=\"GOSTV\" href=\"http:\/\/bravors.brandenburg.de\/verordnungen\/gostv\" target=\"_blank\" rel=\"alternate noopener noreferrer\">Gymnasiale-Oberstufenverordnung (GOSTV)<\/a>)<a title=\"GOSTV\" href=\"http:\/\/www.bravors.brandenburg.de\/sixcms\/detail.php?gsid=land_bb_bravors_01.c.50179.de\" target=\"_blank\" rel=\"alternate noopener noreferrer\"><br><\/a>bzw. Verwaltungsvorschriften zur Gymnasiale-Oberstufe-Verordnung (VV-GOSTV) \u2013 12. April 2011, zuletzt ge\u00e4ndert 19. November 2015 \/ 13. Februar 2018)<a title=\"GOSTV\" href=\"http:\/\/www.bravors.brandenburg.de\/sixcms\/detail.php?gsid=land_bb_bravors_01.c.50179.de\" target=\"_blank\" rel=\"alternate noopener noreferrer\"><br><\/a>(Link: <a href=\"http:\/\/bravors.brandenburg.de\/verwaltungsvorschriften\/vv_gostv_2011\" target=\"_blank\" rel=\"alternate noopener noreferrer\">Verwaltungsvorschriften-Gymnasiale-Oberstufe-Verordnung (VV-GOSTV)<\/a>)<\/p>\n<hr>\n<h2>Aufgabenfelder, F\u00e4cher, Kursarten<\/h2>\n<p><strong> Folgende F\u00e4cher\/Kurse werden im Schuljahr 2020\/2021 f\u00fcr die 11. Klassen angeboten:<\/strong><\/p>\n<table style=\"width: 792.7px; background-color: #83daf7;\" border=\"2\" cellspacing=\"4\" cellpadding=\"4\">\n<tbody>\n<tr style=\"height: 72px;\">\n<td style=\"width: 234px; height: 72px;\"><span style=\"font-size: 14pt;\"><strong>Fach<\/strong><\/span><\/td>\n<td style=\"width: 246px; height: 72px;\"><span style=\"font-size: 14pt;\"><strong>&nbsp;Kurs auf erh\u00f6htem Anforderungsniveau (LK)<br><\/strong><\/span><\/td>\n<td style=\"width: 249.7px; height: 72px;\"><span style=\"font-size: 14pt;\"><strong>&nbsp;Kurs auf grundlegendem Anforderungsniveau <\/strong><strong>(GK)<\/strong><strong><br><\/strong><\/span><\/td>\n<\/tr>\n<tr style=\"height: 24px;\">\n<td style=\"background-color: #fafafa; width: 729.7px;\" colspan=\"3\"><strong><em>Aufgabenfeld 1<\/em><\/strong><\/td>\n<\/tr>\n<tr style=\"height: 24px;\">\n<td style=\"background-color: #fafafa; width: 234px;\">Deutsch<\/td>\n<td style=\"background-color: #fafafa; text-align: center; width: 246px;\">&nbsp;x<\/td>\n<td style=\"background-color: #fafafa; text-align: center; width: 249.7px;\">&nbsp;<\/td>\n<\/tr>\n<tr style=\"height: 24px;\">\n<td style=\"background-color: #fafafa; width: 234px;\">Englisch<\/td>\n<td style=\"background-color: #fafafa; text-align: center; width: 246px;\">&nbsp;x<\/td>\n<td style=\"background-color: #fafafa; text-align: center; width: 249.7px;\">&nbsp;<\/td>\n<\/tr>\n<tr style=\"height: 24px;\">\n<td style=\"background-color: #fafafa; width: 234px;\">&nbsp;<\/td>\n<td style=\"background-color: #fafafa; text-align: center; width: 246px;\">&nbsp;<\/td>\n<td style=\"background-color: #fafafa; text-align: center; width: 249.7px;\">&nbsp;<\/td>\n<\/tr>\n<tr style=\"height: 24px;\">\n<td style=\"background-color: #fafafa; width: 234px;\">Latein<\/td>\n<td style=\"background-color: #fafafa; text-align: center; width: 246px;\">&nbsp;<\/td>\n<td style=\"background-color: #fafafa; text-align: center; width: 249.7px;\">&nbsp;x<\/td>\n<\/tr>\n<tr style=\"height: 5.95px;\">\n<td style=\"background-color: #fafafa; width: 234px;\">Musik<\/td>\n<td style=\"background-color: #fafafa; text-align: center; width: 246px;\">&nbsp;<\/td>\n<td style=\"background-color: #fafafa; text-align: center; width: 249.7px;\">x<\/td>\n<\/tr>\n<tr style=\"height: 24px;\">\n<td style=\"background-color: #fafafa; width: 234px;\">Kunst<\/td>\n<td style=\"background-color: #fafafa; text-align: center; width: 246px;\">&nbsp;<\/td>\n<td style=\"background-color: #fafafa; text-align: center; width: 249.7px;\">x<\/td>\n<\/tr>\n<tr style=\"height: 24px;\">\n<td style=\"background-color: #fafafa; width: 234px;\">&nbsp;<\/td>\n<td style=\"background-color: #fafafa; width: 246px;\">&nbsp;<\/td>\n<td style=\"background-color: #fafafa; width: 249.7px;\">&nbsp;<\/td>\n<\/tr>\n<tr style=\"height: 24px;\">\n<td style=\"background-color: #fafafa; width: 729.7px;\" colspan=\"3\"><strong>Aufgabenfeld 2<\/strong><\/td>\n<\/tr>\n<tr style=\"height: 24px;\">\n<td style=\"background-color: #fafafa; width: 234px;\">Geschichte<\/td>\n<td style=\"background-color: #fafafa; text-align: center; width: 246px;\">&nbsp;x<\/td>\n<td style=\"background-color: #fafafa; text-align: center; width: 249.7px;\">&nbsp;<\/td>\n<\/tr>\n<tr style=\"height: 24px;\">\n<td style=\"background-color: #fafafa; width: 234px;\">Geografie<\/td>\n<td style=\"background-color: #fafafa; text-align: center; width: 246px;\">&nbsp;<\/td>\n<td style=\"background-color: #fafafa; text-align: center; width: 249.7px;\">&nbsp;x<\/td>\n<\/tr>\n<tr style=\"height: 24px;\">\n<td style=\"background-color: #fafafa; width: 234px;\">Politische Bildung<\/td>\n<td style=\"background-color: #fafafa; text-align: center; width: 246px;\">&nbsp;<\/td>\n<td style=\"background-color: #fafafa; text-align: center; width: 249.7px;\">&nbsp;x<\/td>\n<\/tr>\n<tr style=\"height: 24px;\">\n<td style=\"background-color: #fafafa; width: 234px;\">&nbsp;<\/td>\n<td style=\"background-color: #fafafa; text-align: center; width: 246px;\">&nbsp;<\/td>\n<td style=\"background-color: #fafafa; text-align: center; width: 249.7px;\">&nbsp;<\/td>\n<\/tr>\n<tr style=\"height: 24px;\">\n<td style=\"background-color: #fafafa; width: 729.7px;\" colspan=\"3\"><em><strong>Aufgabenfeld 3<\/strong><\/em><\/td>\n<\/tr>\n<tr style=\"height: 24px;\">\n<td style=\"background-color: #fafafa; width: 234px;\">Mathematik<\/td>\n<td style=\"background-color: #fafafa; text-align: center; width: 246px;\">&nbsp;<\/td>\n<td style=\"background-color: #fafafa; text-align: center; width: 249.7px;\">x<\/td>\n<\/tr>\n<tr style=\"height: 24px;\">\n<td style=\"background-color: #fafafa; width: 234px;\">Biologie<\/td>\n<td style=\"background-color: #fafafa; text-align: center; width: 246px;\">x<\/td>\n<td style=\"background-color: #fafafa; text-align: center; width: 249.7px;\">x<\/td>\n<\/tr>\n<tr style=\"height: 24px;\">\n<td style=\"background-color: #fafafa; width: 234px;\">Chemie<\/td>\n<td style=\"background-color: #fafafa; text-align: center; width: 246px;\">&nbsp;<\/td>\n<td style=\"background-color: #fafafa; text-align: center; width: 249.7px;\">x<\/td>\n<\/tr>\n<tr style=\"height: 24px;\">\n<td style=\"background-color: #fafafa; width: 234px;\">&nbsp;<\/td>\n<td style=\"background-color: #fafafa; text-align: center; width: 246px;\">&nbsp;<\/td>\n<td style=\"background-color: #fafafa; text-align: center; width: 249.7px;\">&nbsp;<\/td>\n<\/tr>\n<tr style=\"height: 24px;\">\n<td style=\"background-color: #fafafa; width: 729.7px;\" colspan=\"3\">&nbsp;<\/td>\n<\/tr>\n<tr style=\"height: 24px;\">\n<td style=\"background-color: #fafafa; width: 234px;\">Seminarkurs<br><span style=\"font-size: 10pt;\">(berufs- und studienorientiert)<\/span><\/td>\n<td style=\"background-color: #fafafa; text-align: center; width: 246px;\">&nbsp;<\/td>\n<td style=\"background-color: #fafafa; text-align: center; width: 249.7px;\">x<\/td>\n<\/tr>\n<tr style=\"height: 24px;\">\n<td style=\"background-color: #fafafa; width: 234px;\">Sport<\/td>\n<td style=\"background-color: #fafafa; text-align: center; width: 246px;\">&nbsp;<\/td>\n<td style=\"background-color: #fafafa; text-align: center; width: 249.7px;\">x<\/td>\n<\/tr>\n<\/tbody>\n<\/table>\n<p>Die Leistungskurse werden mit f\u00fcnf Stunden, der Seminarkurs mit zwei Stunden sowie die Grundkurse mit&nbsp; drei Stunden (Mathematik mit vier Stunden) pro Woche unterrichtet.<\/p>\n<p>&nbsp;<\/p>\n<hr>\n<h2>Belegverpflichtung:<\/h2>\n<p>\u2013&nbsp;&nbsp; &nbsp;Geschichte, Deutsch, Mathematik, zweite Fremdsprache<br>\u2013&nbsp;&nbsp; &nbsp;eines der F\u00e4cher Geografie oder Politische Bildung<br>\u2013&nbsp; &nbsp; eines der F\u00e4cher Biologie, Chemie, Physik<br>\u2013&nbsp;&nbsp; &nbsp;Sport<br>\u2013&nbsp;&nbsp; &nbsp;Seminarkurs<span style=\"color: #000000;\"><sup>1<\/sup><\/span><br>Davon m\u00fcssen zwei als Leistungskurse gew\u00e4hlt werden (Deutsch\/Englisch\/Geschichte\/Mathematik\/Biologie).<br>Die Belegverpflichtung variiert in Abh\u00e4ngigkeit der Schwerpunktsetzung.<\/p>\n<p><span style=\"color: #000000;\"><sup>1<\/sup><\/span>Seminarkurs berufs- und studienorientiert:&nbsp; \u00fcber vier Kurshalbjahre hinweg intensive Auseinandersetzung mit der eigenen beruflichen Zukunft und Erwerb eines notwendige Orientierungswissens f\u00fcr eine verantwortliche Studien- und Berufswahl&nbsp; sowie Im Rahmen einer Projektarbeit in Kooperation mit Partnern aus allen Bereichen der Arbeitswelt F\u00f6rderung insbesondere der Selbst- und Sozialkompetenzen der jungen Erwachsenen<br>(Siehe: https:\/\/bildungsserver.berlin-brandenburg.de\/seminarkurs-studien-berufsorien)<\/p>\n<p>&nbsp;<\/p>\n<hr>\n<h2>Leistungsbewertung:<\/h2>\n<p>Allgemeine Informationen gibt es \u00fcber die Verwaltungsvorschriften zur Leistungsbewertung in den Schulen des Landes Brandenburg (VV-Leistungsbewertung) vom 21. Juli 2011 (zuletzt ge\u00e4ndert am 31.07.2020 (Link: <a href=\"http:\/\/bravors.brandenburg.de\/verwaltungsvorschriften\/vv_leistungsbewertung\" target=\"_blank\" rel=\"alternate noopener noreferrer\">http:\/\/bravors.brandenburg.de\/verwaltungsvorschriften\/leistungsb2011<\/a>) sowie \u00fcber schulinterne Festlegungen.<br>Weitere Details vermitteln die Tutoren sowie Fachlehrer zu Beginn eines jeden Schulhalbjahres.<br>Ab Jahrgangsstufe 11 gibt es Punkte (15 bis 0) und Noten mit Tendenz (1+ bis 0). Je Kurshalbjahr wird eine Kursabschlussnote (Zeugnisnote) erteilt.<br>Klausuren<sup>3<\/sup>, ein Anderer Leistungsnachweis<sup>4<\/sup> und eine m\u00fcndliche Leistungsfeststellung<sup>5<\/sup> gehen<strong><em> jeweils mit einem Dritte<\/em>l<\/strong> in die Kursabschlussnote ein.<br>(Vers\u00e4umte Klausuren m\u00fcssen nachgeschrieben werden: siehe <a title=\"Download Dokumente\" href=\"https:\/\/gymnasium-bad-freienwalde.de\/1neuhp\/wp-content\/uploads\/2018\/05\/Antrag-Nachschreiben.pdf\" rel=\"alternate\">ANTRAG<\/a>.)<\/p>\n<p><sup>3<\/sup> Klausuren: sind schriftliche Arbeiten, die pro Halbjahr zu einem festgelegten Termin geschrieben werden (siehe Klausurplan); im Seminarkurs werden keine Klausuren geschrieben.<\/p>\n<table style=\"width: 879px; height: 287px;\" border=\"2\" cellspacing=\"2\" cellpadding=\"2\">\n<tbody>\n<tr style=\"height: 24px; background-color: #1c2324;\">\n<td style=\"background-color: #47d7ff; width: 30px; height: 24px;\">&nbsp;<\/td>\n<td style=\"background-color: #47d7ff; width: 91.15px; height: 24px;\"><em><strong>1. HJ<\/strong><\/em><\/td>\n<td style=\"background-color: #47d7ff; width: 90.6833px; height: 24px;\"><em><strong>Dauer&nbsp;&nbsp;&nbsp;&nbsp;&nbsp;&nbsp;<br><\/strong><\/em><\/td>\n<td style=\"background-color: #47d7ff; width: 89.2833px; height: 24px;\"><em><strong>2. HJ<\/strong><\/em><\/td>\n<td style=\"background-color: #47d7ff; width: 80.2167px; height: 24px;\"><em><strong>Dauer&nbsp;&nbsp;&nbsp;&nbsp;<br><\/strong><\/em><\/td>\n<td style=\"background-color: #47d7ff; width: 110.883px; height: 24px;\"><em><strong>3. HJ<\/strong><\/em><\/td>\n<td style=\"background-color: #47d7ff; width: 94.3667px; height: 24px;\"><em><strong>Dauer<\/strong><\/em><\/td>\n<td style=\"background-color: #47d7ff; width: 121.183px; height: 24px;\"><em><strong>4. HJ<\/strong><\/em><\/td>\n<td style=\"background-color: #47d7ff; width: 93.2333px; height: 24px;\"><em><strong>Dauer<\/strong><\/em><\/td>\n<\/tr>\n<tr style=\"height: 96.4666px;\">\n<td style=\"width: 30px; height: 96.4666px;\"><strong>LK<\/strong><\/td>\n<td style=\"width: 91.15px; height: 96.4666px;\">1 pro Kurs<\/td>\n<td style=\"width: 90.6833px; height: 96.4666px;\">Mindestens<br>135<sup>3<\/sup> Min.<\/td>\n<td style=\"width: 89.2833px; height: 96.4666px;\">&nbsp;<\/td>\n<td style=\"width: 80.2167px; height: 96.4666px;\">Mindestens<br>135<sup>3<\/sup> Min.<\/td>\n<td style=\"width: 110.883px; height: 96.4666px;\">1 pro Kurs (1. und<br>2. Abiturpr\u00fcfungsfach)<\/td>\n<td style=\"width: 94.3667px; height: 96.4666px;\">300 in Deutsch,<br>300 in<br>Mathematik,<br>300 in Englisch<br>und Franz\u00f6sisch,<br>270 in den<br>sonstigen<br>F\u00e4chern<\/td>\n<td style=\"width: 121.183px; height: 96.4666px;\">1 pro Kurs<br>(1.und 2. Abiturpr\u00fcfungsfach)<\/td>\n<td style=\"width: 93.2333px; height: 96.4666px;\">Mindestens<br>135<sup>3<\/sup> Min.<\/td>\n<\/tr>\n<tr style=\"height: 24px;\">\n<td style=\"width: 30px; height: 24px;\"><strong>GK<\/strong><\/td>\n<td style=\"width: 91.15px; height: 24px;\">1 in: Deutsch,<br>Mathematik,<br>Fremdsprache, einem<br>naturwissenschaftlichen<br>Fach<sup>2<\/sup><br>und einem<br>gesellschaftswissenschaftlichen Fach<sup>2<\/sup><br>Wurde eines dieser<br>F\u00e4cher als Leistungskurs<br>gew\u00e4hlt, ist ein anderes<br>Fach als Klausurfach zu<br>w\u00e4hlen<sup>1,2<\/sup><br>.<\/td>\n<td style=\"width: 90.6833px; height: 24px;\">90 Min.<\/td>\n<td style=\"width: 89.2833px; height: 24px;\">1 in: Deutsch,<br>Mathematik,<br>Fremdsprache, einem<br>naturwissenschaftlichen<br>Fach<sup>2<\/sup><br>und einem<br>gesellschaftswissenschaftlichen Fach<sup>2<\/sup><br>Wurde eines dieser<br>F\u00e4cher als Leistungskurs<br>gew\u00e4hlt, ist ein anderes<br>Fach als Klausurfach zu<br>w\u00e4hlen<sup>1,2<\/sup><br>.<\/td>\n<td style=\"width: 80.2167px; height: 24px;\">90 Min.<\/td>\n<td style=\"width: 110.883px; height: 24px;\">\n<p>1 im<br>3. Abiturpr\u00fcfungsfach,<\/p>\n<p>1 im m\u00fcndlichen<br>Abiturpr\u00fcfungsfach<\/p>\n<\/td>\n<td style=\"width: 94.3667px; height: 24px;\">\n<p>240 in Deutsch<br>255 in<br>Mathematik,<br>270 in Englisch<br>und Franz\u00f6sisch,<br>210 in sonstigen<br>F\u00e4chern<\/p>\n<p>m\u00fcndliches Fach: 135<\/p>\n<\/td>\n<td style=\"width: 121.183px; height: 24px;\">\n<p>1 im 3. Abiturpr\u00fcfungsfach,<\/p>\n<p>1 im m\u00fcndlichen<br>Abiturpr\u00fcfungsfach<\/p>\n<\/td>\n<td style=\"width: 93.2333px; height: 24px;\">90<\/td>\n<\/tr>\n<\/tbody>\n<\/table>\n<p><span style=\"font-size: 10pt;\"><em><sup>&nbsp;<\/sup> 1Ausgenommen Intensivierungskurs<br>2 Die Entscheidung trifft die Sch\u00fclerin oder der Sch\u00fcler.<br>3 Die Entscheidung \u00fcber die Dauer im jeweiligen Fach trifft die Fachkonferenz.<\/em><\/span><\/p>\n\n\n<p><\/p>\n","protected":false},"excerpt":{"rendered":"<p>Allgemeines: Aufbau der gymnasialen Oberstufe:JG 10: Abschluss Sekundarstufe I und Einf\u00fchrungsphaseJG 11 und JG 12:: Qualifikatiosphase (abiturrelevant)Es gelten die Gymnasiale-Oberstufe-Verordnung (GOSTV) \u2013&nbsp; (21. August 2009, zuletzt ge\u00e4ndert am 17. Juli 2017 \/ 30. Januar 2018)(Link: Gymnasiale-Oberstufenverordnung (GOSTV))bzw. Verwaltungsvorschriften zur Gymnasiale-Oberstufe-Verordnung <a class=\"more-link\" href=\"https:\/\/gymnasium-bad-freienwalde.de\/1neuhp\/sek_ii\/\">weiterlesen&#8230;<\/a><\/p>\n","protected":false},"author":4,"featured_media":0,"parent":0,"menu_order":0,"comment_status":"closed","ping_status":"closed","template":"","meta":{"ngg_post_thumbnail":0,"footnotes":""},"class_list":["post-304","page","type-page","status-publish","hentry","gallery-content-unit"],"_links":{"self":[{"href":"https:\/\/gymnasium-bad-freienwalde.de\/1neuhp\/wp-json\/wp\/v2\/pages\/304","targetHints":{"allow":["GET"]}}],"collection":[{"href":"https:\/\/gymnasium-bad-freienwalde.de\/1neuhp\/wp-json\/wp\/v2\/pages"}],"about":[{"href":"https:\/\/gymnasium-bad-freienwalde.de\/1neuhp\/wp-json\/wp\/v2\/types\/page"}],"author":[{"embeddable":true,"href":"https:\/\/gymnasium-bad-freienwalde.de\/1neuhp\/wp-json\/wp\/v2\/users\/4"}],"replies":[{"embeddable":true,"href":"https:\/\/gymnasium-bad-freienwalde.de\/1neuhp\/wp-json\/wp\/v2\/comments?post=304"}],"version-history":[{"count":2,"href":"https:\/\/gymnasium-bad-freienwalde.de\/1neuhp\/wp-json\/wp\/v2\/pages\/304\/revisions"}],"predecessor-version":[{"id":13766,"href":"https:\/\/gymnasium-bad-freienwalde.de\/1neuhp\/wp-json\/wp\/v2\/pages\/304\/revisions\/13766"}],"wp:attachment":[{"href":"https:\/\/gymnasium-bad-freienwalde.de\/1neuhp\/wp-json\/wp\/v2\/media?parent=304"}],"curies":[{"name":"wp","href":"https:\/\/api.w.org\/{rel}","templated":true}]}}