{"id":297,"date":"2017-11-27T12:21:18","date_gmt":"2017-11-27T11:21:18","guid":{"rendered":"http:\/\/gymnasium-bad-freienwalde.de\/1neuhp\/?page_id=297"},"modified":"2018-05-24T14:59:29","modified_gmt":"2018-05-24T12:59:29","slug":"wir-2","status":"publish","type":"page","link":"https:\/\/gymnasium-bad-freienwalde.de\/1neuhp\/unsere-schule\/wir-2\/","title":{"rendered":"Chronik"},"content":{"rendered":"<p><strong>Geschichte unseres Gymnasiums<\/strong><\/p>\n<p><strong>1862<\/strong><br \/>\nIn diesem Jahr finden sich unter Leitung des Kreisrichters Haekel B\u00fcrger aus Bad Freienwalde zusammen, um das Schulsystem ihrer Stadt auf ein h\u00f6heres Niveau zu heben.<\/p>\n<p><strong><img loading=\"lazy\" decoding=\"async\" class=\"pull-left alignleft\" title=\"Unsere altes Gymnasium 1866\" src=\"http:\/\/gymnasium-bad-freienwalde.de\/images\/hauptmenue\/wir\/gymnasium1866sm.jpg\" alt=\"Unsere altes Gymnasium 1866\" width=\"231\" height=\"164\">1866<\/strong><br \/>\nIn der heutigen Weinbergstra\u00dfe beginnen die Bauarbeiten f\u00fcr ein neues Schulgeb\u00e4ude. Inschrift oben unter der Traufe: PIETATI PATRIAE HUMANITATI. Inschrift \u00fcber dem Eingang: A.D.MDCCCLXVI.<\/p>\n<p>&nbsp;<\/p>\n<p><strong>1868<\/strong><br \/>\nDas neue Geb\u00e4ude wird das &#8222;St\u00e4dtische Gymnasium zu Freienwalde&#8220;. In diesem Jahr wird zu Ostern die erste Klasse er\u00f6ffnet. In den n\u00e4chsten Jahren wird die Schule durch verschiedene Anbauten erweitert. Ab 1891 umbenannt in&nbsp;&#8222;K\u00f6nigliches Gymnasium zu Freienwalde&#8220;.<\/p>\n<p><strong>1922-1931<\/strong><br \/>\nUmwandlung des humanistischen Gymnasiums mit den Hauptsprachen Lateinisch und Griechisch in ein Reform-Realgymnasium (Hauptsprachen Franz\u00f6sisch und Enlisch).<\/p>\n<p><strong>1937<\/strong><br \/>\nAus dem Reform-Realgymnasium wird die Staatlische Deutsche Oberschule f\u00fcr Jungen, in der neben den Leibes\u00fcbungen und dem Franz\u00f6sischen und Englischen vor allem der lateinischen Sprache wieder gr\u00f6\u00dfere Bedeutung beigemessen wird.<\/p>\n<p><strong>1941<\/strong><br \/>\nJubil\u00e4umsfeier zur 75. Wiederkehr des Tages der Grundsteinlegung: <a title=\"75 Jahre Grundsteinlegung\" href=\"http:\/\/gymnasium-bad-freienwalde.de\/images\/hauptmenue\/wir\/75jahrejubilaeum.pdf\" target=\"_blank\" rel=\"noopener\">Zeitungsartikel vom 24.5.1941<\/a> (M\u00e4rkischer Stadt- und Landbote).<\/p>\n<p><strong>1946<\/strong><br \/>\nDer erste Grundstein der EOS wird auf Befehl des obersten Chefs der Sowjetischen Milit\u00e4radministration (SMAD), Marschall Shukow, gelegt. Nach langem \u00dcberlegen, welches Geb\u00e4ude das passende sei, entscheidet man sich f\u00fcr das Geb\u00e4ude des Lyzeums in der Johannisstr. 1, das in den letzten Kriegsjahren als Fl\u00fcchtlingslager und Lazarett gedient hat und im Inneren auch ziemlich verw\u00fcstet worden ist. Im M\u00e4rz 1946 sind die meisten Kriegssch\u00e4den im Inneren des Schulgeb\u00e4udes beseitigt. Im April unterrichten 19 LehrerInnen insgesamt 171 Sch\u00fclerInnen.<\/p>\n<p><strong>1947-1948<br \/>\n<\/strong>Im M\u00e4rz 1947 fungiert die Schule als Hochwasserfl\u00fcchtlingslager. Anfang des Schuljahres werden 524 Sch\u00fcler gez\u00e4hlt. Bis zum Jahre 1948 sind Herr Pannecke der Schulleiter des Gymnasiums und Herr Tabbert stellvertretender Schulleiter. 1947-1948<br \/>\nIm M\u00e4rz 1947 fungiert die Schule als Hochwasserfl\u00fcchtlingslager. Anfang des Schuljahres werden 524 Sch\u00fcler gez\u00e4hlt. Bis zum Jahre 1948 sind Herr Pannecke der Schulleiter des Gymnasiums und Herr Tabbert stellvertretender Schulleiter.<\/p>\n<p><strong>1950-1951<\/strong><br \/>\nDer Chor wird gegr\u00fcndet, dessen Leitung Herr Posselt \u00fcbernimmt. Abgel\u00f6st wird er durch Frau Schnorr. Sie leitete den Chor bis Anfang der 90er Jahre. Danach waren die Aktivit\u00e4ten des Chors recht begrenzt. Erst unter der Leitung durch Herrn Salewski konnte der Chor an alte Erfolge ankn\u00fcpfen, was sich in zahlreichen Auftritten zeigt.<\/p>\n<p><strong>1957-1958<\/strong><br \/>\nDas Kabarett &#8222;KAKTUS&#8220; wird gegr\u00fcndet, das sich schnell gro\u00dfer Beliebtheit erfreut. Unter der Leitung von Herrn Schulz und Frau Schulze wird diese Tradition bis zum Jahr 2000 fortgef\u00fchrt. Dabei verfasst Herr Schulz die Texte, Frau Schulze ist f\u00fcr die Organisation zust\u00e4ndig.<\/p>\n<p lang=\"de-DE\"><strong>1968-1969<\/strong><br \/>\nBis zum Schuljahr 1967\/1968 schlie\u00dfen die Sch\u00fcler das Abitur zusammen mit dem Facharbeiterabschluss ab. Danach muss noch WPU (wissenschaftlich praktischer Unterricht) belegt werden, der in den Klassen 11 und 12 in Betrieben der Region durchgef\u00fchrt wird.<\/p>\n<p lang=\"de-DE\"><strong>1969<br \/>\n<\/strong>Die damaligen Erweiterte Oberschule (EOS) erh\u00e4lt den Namen &#8222;Bertolt Brecht&#8220; zum Gedenken an den Dichter,der an diesem Tag seinen 71. Geburtstag gefeiert h\u00e4tte. Im Antrag der Schule an Frau Helene Weigel hei\u00dft es unter anderem: <em>&#8222;Sollten wir diesen Namen tragen d\u00fcrfen, so wird es unsere Aufgabe sein, uns durch besondere Veranstaltungen unserer Sch\u00fcler noch intensiver und umfangreicher mit dem Leben und Wirken von Bertolt Brecht vertraut zu machen.&#8220;<\/em> Aus Anlass der Namensverleihung nehmen die Sch\u00fcler Kontakt mit K\u00fcnstlern des &#8222;Berliner Ensembles&#8220; auf, und der Grundstein f\u00fcr eine Tradition, die j\u00e4hrliche Brechtfeier, wird gelegt. Hierbei kommen allen Klassen (250 \u2013 270 Sch\u00fcler) besondere Aufgaben zu. Einmal im Jahr f\u00e4hrt die gesamte Schule ins BE, um sich ein Theaterst\u00fcck von Brecht anzusehen.<\/p>\n<p lang=\"de-DE\"><strong>1<img loading=\"lazy\" decoding=\"async\" class=\"pull-left alignleft\" title=\"Unsere altes Gymnasium 1866\" src=\"http:\/\/gymnasium-bad-freienwalde.de\/images\/hauptmenue\/wir\/schulgebaeude1988sm.jpg\" alt=\"Unsere altes Gymnasium 1866\" width=\"265\" height=\"191\">989<\/strong><br \/>\nEs&nbsp;steht nach dem Zusammenbruch der DDR auch der Name Bertolt Brecht zur Disposition. Die Schulkonfrenz beschlie\u00dft nach langen Diskussionen, dass sie den Namen Bertolt Brecht und die Tradition der Brechtfeier weiterf\u00fchren wird. Nat\u00fcrlich hat die EOS auch andere Traditionen wie die des Chores oder die des (FDJ-) Kabaretts &#8222;KAKTUS&#8220;. Die derzeitige Direktorin ist Dorit Schulze.<\/p>\n<p><strong>1990-1991<\/strong><br \/>\nDas Bildungssystem der DDR wird nach dem Vorbild des Schulsystems der alten Bundesl\u00e4nder aufgegliedert. Die Anzahl der Klassenstufen wird auf 13 verl\u00e4ngert. Die zw\u00f6lfklassige Erweiterte Oberschule wird nun um Gymnasium &#8222;Bertolt Brecht&#8220;. Die Sekundarstufe II des Gymnasiums erm\u00f6glicht auch Sch\u00fclerInnen der Gesamtschule die Aufnahme, damit sie zum Abitur gelangen k\u00f6nnen.<\/p>\n<p>Im Rahmen der Wiedervereinigung m\u00fcssen sich alle Lehrer neu bewerben und werden auf Verbindungen zum Ministerium f\u00fcr Staatssicherheitsdienst (Stasi)\u00fcberpr\u00fcft. Die meisten werden \u00fcbernommen. In diesem Schuljahr vollzieht sich auch der Wechsel der Schulleitung von Dorit Schulze zu Ernst Opitz. Nach einigen Widerst\u00e4nden musst die &#8222;Geschwister-Scholl-Schule&#8220; das Geb\u00e4ude am Scheunenberg 1 r\u00e4umen, und das neu gegr\u00fcndete Gymnasium zieht dort ein.<\/p>\n<p lang=\"de-DE\"><strong>1991-1992<\/strong><br \/>\nIm Juni\/Juli erfolgt der Umzug in das Geb\u00e4ude &#8222;Am Scheunenberg 1&#8220;. Das Geb\u00e4ude Am Scheunenberg 1 wurde im Zusammenhang mit der Erschlie\u00dfung eines neuen Wohnkomplexes im Jahre 1987 erbaut. Die Schule dient bis 1991 als Allgemeine Polytechnische Oberschule (POS). Am 22.08.1991 beginnt das erste Schuljahr (1991\/92) am &#8222;Bertolt-Brecht-Gymnasium&#8220; im n\u00fcchternen Zweckbau mit 548 Sch\u00fclern der Klassen 7-12 und 39 LehrerInnen. Ein Computerkabinett wird eingerichtet, ein erster Baum zur Versch\u00f6nerung des Schulgel\u00e4ndes wird gepflanzt und die Schule erh\u00e4lt ein Gem\u00e4lde des alten Freienwalde als Schulgeschenk. Die B\u00fchne des Kurtheaters wird zum Auff\u00fchrungsort der Brechtfeier. Ver\u00e4nderte Rahmenpl\u00e4ne, neue Verordnungen und Verwaltungsvorschriften sorgen f\u00fcr viel Bewegung im Schulalltag und f\u00f6rdern nicht immer eine sinnvolle Unterrichtsgestaltung. In kleinen Schritten, aber kontinuierlich, werden die Unterrichtsbedingungen verbessert. Viele ausgezeichnete Leistungen und Aktivit\u00e4ten zeigen, dass sich die Sch\u00fcler f\u00fcr ihr Gymnasium einsetzen. Aktivit\u00e4ten wie z. B. Teilbegr\u00fcnung des Schulhofes, Anlegen eines Schulteiches, Gestaltung der Fachr\u00e4ume und der Turnhallenwand etc&#8230; <em>&#8222;Wir werden uns als Kollegium weiter daf\u00fcr engagieren, dass die Abiturienten, die unser Haus verlassen, zu demokratischem Handeln und Entscheiden f\u00e4hig sind, dass sie in dieser Zeit, die zwar lockere Umgangsformen beschert, aber auch Toleranz und Kompromissf\u00e4higkeit fordert, bestehen &#8211; und das ist wohl auch im Sinne von Bertolt Brecht.&#8220;<\/em> Diese Worte stammen vom derzeitigen Schulleiter Ernst Opitz. Neu ist, dass die ersten Lehrer aus den alten Bundesl\u00e4ndern (Westdeutschland\/Westberlin) ihre T\u00e4tigkeit beginnen.<\/p>\n<p lang=\"de-DE\"><strong>1992-1993<\/strong><br \/>\nDie Sch\u00fclerzahl steigt auf ca. 670, die Lehrerzahl auf 41 an. Der Schulleiter Ernst Opitz wird in seinem Amt als Schulleiter best\u00e4tigt und wird es bis zum Schuljahr 2007\/08 bleiben. Das Kabarett &#8222;KAKTUS&#8220; feiert seinen 35. Geburtstag und ein weiteres Computerkabinett wird eingerichtet.<\/p>\n<p lang=\"de-DE\"><strong>1993-1994<\/strong><br \/>\nDer Schulhof wird durch Gr\u00fcnanlagen des \u00d6kologie-Kurses versch\u00f6nert.<\/p>\n<p lang=\"de-DE\"><strong>1994-1995<\/strong><br \/>\nDas Gymnasium empf\u00e4ngt internationalen Besuch aus \u00c4gypten. Das Schuljahr wird durch eine gelungene Brechtfeier und eine erw\u00e4hnenswerte Teilnahme am &#8222;Jugend &#8211; forscht&#8220; &#8211; Wettbewerb gepr\u00e4gt.<\/p>\n<p lang=\"de-DE\"><strong>1995-1996<br \/>\n<\/strong>Die Sch\u00fclerzeitung &#8222;INTEAM&#8220; ist seit dem ersten Erscheinungsjahr 1992 noch immer hei\u00df begehrt. Anfang des Schuljahres erweist sich das Experiment DSP (Darstellendes Spiel) als Unterrichtsfach als&nbsp; Erfolg. Die Turnhalle wird durch eine Graffiti- Aktion \u00e4u\u00dferlich gestaltet.<\/p>\n<p lang=\"de-DE\"><strong>1996-1997<\/strong><br \/>\nDr. Jean Muyemba aus Kongo besucht unser Gymnasium und stellt sein Land und seine Kultur vor. Die Freizeitflure werden wegen Raumnot zu Kursr\u00e4umen umgestaltet. Die Abiturienten des letzten Schuljahres schenken der Schule ein weithin sichtbares Namensschild als Abschlussgeschenk. Eine Einbruchsserie im Dezember beunruhigt Sch\u00fclerInnen und LehrerInnen. Jedesmal fehlen technische Ger\u00e4te wie zum Beispiel Videorecorder, Fernsehger\u00e4te, Computer und komplette Hi-Fi-Anlagen.<\/p>\n<p lang=\"de-DE\"><strong>1997-1998<\/strong><br \/>\nIm Sommer wird die Schule in ein Quartier f\u00fcr die Bundeswehr umfunktioniert, da das Oder-Hochwasser das Oderbruch bedroht. Die Sch\u00fcler sammeln mehr als 500 Unterschriften f\u00fcr die Erhaltung der Sozialarbeiterstelle. Au\u00dferdem findet eine Renovierung der Lehrerzimmer statt und unser Gymnasium nimmt an einem europ\u00e4ischen Bildungsprojekt teil, wodurch Partnerschaften mit einer finnischen und einer italienischen Schule erm\u00f6glicht werden.<\/p>\n<p lang=\"de-DE\"><strong>1998-1999<\/strong><br \/>\nDie Umkleide- und Waschr\u00e4ume in der Turnhalle sowie die Turnhalle selbst und der Physikraum werden saniert, ein Sonnenschutz wird an den Fenstern angebracht und die neue Sch\u00fclerzeitung &#8222;LOCUS&#8220; entsteht.<\/p>\n<p lang=\"de-DE\"><strong>1999-2000<\/strong><br \/>\nDie Schule wird ber\u00fchmt. Der Film: &#8222;Jahreszeiten&#8220; wird auf dem Schulhof gedreht. Die k\u00fcnstlerisch begabten Sch\u00fcler stellen das Projekt &#8222;Aktmalerei&#8220; in der &#8222;Galerie am Bahnhof&#8220; aus. Mit Hilfe der Schulsozialarbeiterin wird das Sch\u00fclerradio aufgebaut. In einem separaten Raum haben die Sch\u00fcler die Gelegenheit, sich mit Fragen und Problemen an die Schulsozialarbeiterin zu wenden. Die Innenausstattung der Turnhalle wird verbessert und auf der Wetterseite der Schule werden die Fenster erneuert.<\/p>\n<p lang=\"de-DE\"><strong><img loading=\"lazy\" decoding=\"async\" class=\"pull-right alignright\" title=\"Schullogo ab 2001\" src=\"http:\/\/gymnasium-bad-freienwalde.de\/images\/hauptmenue\/wir\/brechtkopf.png\" alt=\"Schullogo ab 2001\" width=\"171\" height=\"163\">2000-2001<\/strong><br \/>\nDie Schule besitzt endlich ein Schullogo (Brechtkopf), einen neuen Fachraum Biologie und ein Medienkabinett mit 15 PCs und mit Internetzugang sowie Druckern im Wert von 50.000 Euro. Neue Sanit\u00e4ranlagen f\u00fcr M\u00e4dchen und Jungen werden installiert.<\/p>\n<p><strong>2003<\/strong><br \/>\nUnsere Schule ist eine der ersten, die ein fertiges Projekt zur Realisierung der maus-Initiative einreichen k\u00f6nnen. Es wird ein neues Computerkabinett eingerichtet. Auf der Stra\u00dfenseite erhalten einen Netzwerkanschluss.<\/p>\n<p><strong>2007<\/strong><br \/>\nUnserer langj\u00e4hjrige Direktor Herr Opitz geht in den Ruhestand. Frau Fenger \u00fcbernimmt das Zepter.<\/p>\n<p><strong>2008 <\/strong><br \/>\nIn diesem Schuljahr konnten wir keine 7. Klassen einschulen. Die Sch\u00fclerzahlen waren zu gering.<\/p>\n<p><strong>2009\/2010<\/strong><br \/>\nUnsere Schule wird Ganztagsschule. An drei Tagen in der Woche k\u00f6nnen unsere &#8222;Kleinen&#8220; auch am Nachmittag Angebote nutzen.<br \/>\nUmfangreiche Bauma\u00dfnahmen finden im Keller und in der 3. Etage statt.<br \/>\nIm Keller enstehen Sch\u00fclercomputerarbeitspl\u00e4tze, der Essenram wird neu gestaltet.<br \/>\nIm Raum 317 werden 7 Computerarbetspl\u00e4tze und ein elektronisches Whiteboard installiert. Zus\u00e4tzlich entsteht eine Bibliothek und ein weiterer Arbeitsraum mit 4 Computerarbeitspl\u00e4tzen.<br \/>\n2010 erh\u00e4lt unsere Schule eine neue Au\u00dfenh\u00fclle Eine W\u00e4rmed\u00e4mmung wird angebracht. Der freundliche neue Anstrich l\u00e4sst das alte Grau schnell vergessen.<\/p>\n<p><strong>2012<\/strong><br \/>\nFrau Doerschel wird Schulleiterin.<\/p>\n<p><strong>2012<\/strong><br \/>\nDie Unterrichtsstruktur wird ge\u00e4ndert. Es werden 90-Minutenbl\u00f6cke eingef\u00fchrt. Gleichzeitig k\u00f6nnen Sch\u00fcler im Mittagsband (50 Minuten) an vielf\u00e4ltigen Veranstaltungen ihre gro\u00dfe Pause sinnvoller nutzen. Neben sportlichen Aktivit\u00e4ten werden auch Computerarbeit, F\u00f6rderung oder Hausaufgabenbetreuung angeboten.<\/p>\n<p><strong>2013<br \/>\n<\/strong>Mit Hilfe von F\u00f6rdermitteln k\u00f6nnen wir einen Computerraum mit 31 Arbeitspl\u00e4tzen einrichen. Endlich k\u00f6nnen alle Sch\u00fcler einer Klasse parallel am Computer arbeiten.<strong><br \/>\n<\/strong>Es wird mit dem Bau der Aula begonnen- Zus\u00e4tzlich wird ein Teil des Kellers neu gestaltet. Hier zieht 2014 die Musikschule ein.<\/p>\n<p><strong>2014<\/strong><br \/>\n<img loading=\"lazy\" decoding=\"async\" class=\"alignright\" src=\"http:\/\/gymnasium-bad-freienwalde.de\/images\/startseite\/sj14-15\/2014-11-24_einweihung_aula\/aulaeinweihung_04.jpg\" alt=\"\" width=\"337\" height=\"190\">Die L\u00fccke ist geschlossen! An unserem Gymnasium werden ab dem Schuljahr 2014\/15 wieder alle Klassen von 7 bis 12 beschult.<\/p>\n<p>Die Aula wird vorraussichtlich im Oktober eingeweiht. Wir warten schon alle gespannt auf diesen Termin.<br \/>\nGleichzeitig soll mit der Umgestaltung des Schulhofes begonnen werden.<\/p>\n<p>Die Musikschule zieht zu Beginn des Schuljahres 2014\/15 im Keller ein.<\/p>\n<p><strong>2015<\/strong><br \/>\nIm Schuljahr 2015\/16 k\u00f6nnen wir drei 7te Klassen begr\u00fc\u00dfen.<\/p>\n<p>&#8230; wir schreiben weiter Geschichte \ud83d\ude09<\/p>\n<hr>\n<p><strong>Unserer Lehrerkollegium-damals<\/strong><\/p>\n<p><img loading=\"lazy\" decoding=\"async\" src=\"http:\/\/gymnasium-bad-freienwalde.de\/images\/hauptmenue\/wir\/kollegium1992.jpg\" alt=\"Kollegium 1992\" width=\"640\" height=\"458\"><\/p>\n<p><img loading=\"lazy\" decoding=\"async\" src=\"http:\/\/gymnasium-bad-freienwalde.de\/images\/hauptmenue\/wir\/kollegium2000.jpg\" alt=\"Kollegium 2000\" width=\"640\" height=\"426\"><\/p>\n<p>2000-wir haben uns &#8222;leicht&#8220; ver\u00e4ndert<\/p>\n","protected":false},"excerpt":{"rendered":"<p>Geschichte unseres Gymnasiums 1862 In diesem Jahr finden sich unter Leitung des Kreisrichters Haekel B\u00fcrger aus Bad Freienwalde zusammen, um das Schulsystem ihrer Stadt auf ein h\u00f6heres Niveau zu heben. 1866 In der heutigen Weinbergstra\u00dfe beginnen die Bauarbeiten f\u00fcr ein <a class=\"more-link\" href=\"https:\/\/gymnasium-bad-freienwalde.de\/1neuhp\/unsere-schule\/wir-2\/\">weiterlesen&#8230;<\/a><\/p>\n","protected":false},"author":4,"featured_media":474,"parent":829,"menu_order":0,"comment_status":"closed","ping_status":"closed","template":"","meta":{"ngg_post_thumbnail":0,"footnotes":""},"class_list":["post-297","page","type-page","status-publish","has-post-thumbnail","hentry","gallery-content-unit"],"_links":{"self":[{"href":"https:\/\/gymnasium-bad-freienwalde.de\/1neuhp\/wp-json\/wp\/v2\/pages\/297","targetHints":{"allow":["GET"]}}],"collection":[{"href":"https:\/\/gymnasium-bad-freienwalde.de\/1neuhp\/wp-json\/wp\/v2\/pages"}],"about":[{"href":"https:\/\/gymnasium-bad-freienwalde.de\/1neuhp\/wp-json\/wp\/v2\/types\/page"}],"author":[{"embeddable":true,"href":"https:\/\/gymnasium-bad-freienwalde.de\/1neuhp\/wp-json\/wp\/v2\/users\/4"}],"replies":[{"embeddable":true,"href":"https:\/\/gymnasium-bad-freienwalde.de\/1neuhp\/wp-json\/wp\/v2\/comments?post=297"}],"version-history":[{"count":19,"href":"https:\/\/gymnasium-bad-freienwalde.de\/1neuhp\/wp-json\/wp\/v2\/pages\/297\/revisions"}],"predecessor-version":[{"id":3937,"href":"https:\/\/gymnasium-bad-freienwalde.de\/1neuhp\/wp-json\/wp\/v2\/pages\/297\/revisions\/3937"}],"up":[{"embeddable":true,"href":"https:\/\/gymnasium-bad-freienwalde.de\/1neuhp\/wp-json\/wp\/v2\/pages\/829"}],"wp:featuredmedia":[{"embeddable":true,"href":"https:\/\/gymnasium-bad-freienwalde.de\/1neuhp\/wp-json\/wp\/v2\/media\/474"}],"wp:attachment":[{"href":"https:\/\/gymnasium-bad-freienwalde.de\/1neuhp\/wp-json\/wp\/v2\/media?parent=297"}],"curies":[{"name":"wp","href":"https:\/\/api.w.org\/{rel}","templated":true}]}}