{"id":186,"date":"2017-10-19T12:38:56","date_gmt":"2017-10-19T10:38:56","guid":{"rendered":"http:\/\/gymnasium-bad-freienwalde.de\/1neuhp\/?page_id=186"},"modified":"2025-11-18T10:57:59","modified_gmt":"2025-11-18T09:57:59","slug":"ganztag","status":"publish","type":"page","link":"https:\/\/gymnasium-bad-freienwalde.de\/1neuhp\/unsere-schule\/ganztag\/","title":{"rendered":"Ganztag"},"content":{"rendered":"\n<p>Unsere Schule ist ein Gymnasium mit einem <strong>offenen Ganztagsangebot<\/strong>. Sch\u00fcler der Sekundarstufe I k\u00f6nnen im Rahmen des Ganztages <strong>vielf\u00e4ltige Angebote<\/strong> wahrnehmen.<\/p>\n\n\n\n<h4 class=\"wp-block-heading\">Im Schuljahr 2025\/26 gibt es folgende Angebote:<\/h4>\n\n\n\n<figure class=\"wp-block-table\"><table><tbody><tr><td><strong>Angebot<\/strong><\/td><td><strong>Betreuer<\/strong><\/td><td><strong>Klassenstufe<\/strong><\/td><td><strong>Termin<\/strong><\/td><td><strong>Raum<\/strong><\/td><\/tr><tr><td><strong>Chronik\/Bibliothek<\/strong><\/td><td>HEID<\/td><td>&nbsp;<\/td><td>Absprache<\/td><td>320<\/td><\/tr><tr><td><strong>AG Kunst<\/strong><\/td><td>SUDE<\/td><td>7-12<\/td><td>AWo Do 4. Block<\/td><td>112<\/td><\/tr><tr><td>AG Sport<\/td><td>BIES<\/td><td>7-12<\/td><td>&nbsp;Do 4. Block<\/td><td>&nbsp;Turnhalle<\/td><\/tr><tr><td>AG <strong>SoR<\/strong><\/td><td>BENT<\/td><td>7-12<\/td><td>Mo im MB, Die 4. Block vierzehnt\u00e4gig<\/td><td>&nbsp;212<\/td><\/tr><tr><td><strong>AG Sch\u00fclerfirma<\/strong><\/td><td>FREU<\/td><td>7-12<\/td><td>t\u00e4glich<\/td><td>Sch\u00fclercaf\u00e9<\/td><\/tr><tr><td><strong>AG Chor<\/strong><\/td><td>NOLB<\/td><td>7-12<\/td><td>&nbsp;AWo Do 4. Block<\/td><td>-111<\/td><\/tr><tr><td><strong><a href=\"https:\/\/gymnasium-bad-freienwalde.de\/1neuhp\/reiten-startseite\/\">AG Reiten<\/a><\/strong><\/td><td>DOER<\/td><td>7-10&nbsp; &nbsp; &nbsp;&nbsp;<\/td><td>Do 4. Block<\/td><td>RuF Altglietzen<\/td><\/tr><tr><td><a href=\"https:\/\/gymnasium-bad-freienwalde.de\/1neuhp\/robotik-startseite\/\">AG Robotik<\/a><\/td><td>DOER<\/td><td>7-12<\/td><td>Die 4. Block<\/td><td>116<\/td><\/tr><tr><td>Ma Olympiade<\/td><td>Wall<\/td><td>&nbsp;7<\/td><td>&nbsp;Die 7.Stunde<\/td><td>312<\/td><\/tr><tr><td>Ma Nachhilfe<\/td><td>Ahmad (Kl.11)<\/td><td>&nbsp;7<\/td><td>&nbsp;Mo+Fr im MB<\/td><td>&nbsp;312<\/td><\/tr><tr><td>LRS<\/td><td>WIJU<\/td><td>&nbsp;7-9<\/td><td>Awo MB Mo\/Do<br>BWo MB Do\/Fr<\/td><td>110<\/td><\/tr><tr><td>Ma F\u00f6<\/td><td>THAL\/KMIE<\/td><td>&nbsp;7\/8<\/td><td>MB Do\/Die<\/td><td>215\/208<\/td><\/tr><tr><td>Schulgarten<\/td><td>KMIE<\/td><td>7-12<\/td><td>BWo Die 4.Block<\/td><td>213<\/td><\/tr><\/tbody><\/table><\/figure>\n\n\n\n<p><\/p>\n","protected":false},"excerpt":{"rendered":"<p>Unsere Schule ist ein Gymnasium mit einem offenen Ganztagsangebot. Sch\u00fcler der Sekundarstufe I k\u00f6nnen im Rahmen des Ganztages vielf\u00e4ltige Angebote wahrnehmen. Im Schuljahr 2025\/26 gibt es folgende Angebote: Angebot Betreuer Klassenstufe Termin Raum Chronik\/Bibliothek HEID &nbsp; Absprache 320 AG Kunst <a class=\"more-link\" href=\"https:\/\/gymnasium-bad-freienwalde.de\/1neuhp\/unsere-schule\/ganztag\/\">weiterlesen&#8230;<\/a><\/p>\n","protected":false},"author":4,"featured_media":0,"parent":829,"menu_order":0,"comment_status":"closed","ping_status":"closed","template":"","meta":{"ngg_post_thumbnail":0,"footnotes":""},"class_list":["post-186","page","type-page","status-publish","hentry","gallery-content-unit"],"_links":{"self":[{"href":"https:\/\/gymnasium-bad-freienwalde.de\/1neuhp\/wp-json\/wp\/v2\/pages\/186","targetHints":{"allow":["GET"]}}],"collection":[{"href":"https:\/\/gymnasium-bad-freienwalde.de\/1neuhp\/wp-json\/wp\/v2\/pages"}],"about":[{"href":"https:\/\/gymnasium-bad-freienwalde.de\/1neuhp\/wp-json\/wp\/v2\/types\/page"}],"author":[{"embeddable":true,"href":"https:\/\/gymnasium-bad-freienwalde.de\/1neuhp\/wp-json\/wp\/v2\/users\/4"}],"replies":[{"embeddable":true,"href":"https:\/\/gymnasium-bad-freienwalde.de\/1neuhp\/wp-json\/wp\/v2\/comments?post=186"}],"version-history":[{"count":3,"href":"https:\/\/gymnasium-bad-freienwalde.de\/1neuhp\/wp-json\/wp\/v2\/pages\/186\/revisions"}],"predecessor-version":[{"id":15190,"href":"https:\/\/gymnasium-bad-freienwalde.de\/1neuhp\/wp-json\/wp\/v2\/pages\/186\/revisions\/15190"}],"up":[{"embeddable":true,"href":"https:\/\/gymnasium-bad-freienwalde.de\/1neuhp\/wp-json\/wp\/v2\/pages\/829"}],"wp:attachment":[{"href":"https:\/\/gymnasium-bad-freienwalde.de\/1neuhp\/wp-json\/wp\/v2\/media?parent=186"}],"curies":[{"name":"wp","href":"https:\/\/api.w.org\/{rel}","templated":true}]}}