{"id":15036,"date":"2025-10-06T10:15:29","date_gmt":"2025-10-06T08:15:29","guid":{"rendered":"https:\/\/gymnasium-bad-freienwalde.de\/1neuhp\/?page_id=15036"},"modified":"2025-10-06T10:20:26","modified_gmt":"2025-10-06T08:20:26","slug":"deutsche-stammzellenspenderdatei-lernen-fuer-das-leben","status":"publish","type":"page","link":"https:\/\/gymnasium-bad-freienwalde.de\/1neuhp\/deutsche-stammzellenspenderdatei-lernen-fuer-das-leben\/","title":{"rendered":"Deutsche Stammzellenspenderdatei &#8211; Lernen f\u00fcr das Leben"},"content":{"rendered":"\n<p>Unsere Schule pflegt seit 2021 eine Kooperation mit der Deutschen Stammzellspenderdatei (DSD) gGmbH. Als eine von \u00fcber 100 Partnerschulen der DSD deutschlandweit \/ (oder) Als \u201ePartner f\u00fcr das Leben\u201c laden wir regelm\u00e4\u00dfig Referenten und Referentinnen der DSD zu uns ein, die den Sch\u00fclern und Sch\u00fclerinnen das Thema Leuk\u00e4mie und Stammzellspende n\u00e4herbringen.Die DSD ist eine der gr\u00f6\u00dften Dateien in Deutschland zur Gewinnung von Freiwilligen, die anonym und unentgeltlich durch ihre Stammzellspende erkrankten Menschen die Chance auf ein gesundes Leben schenken. F\u00fcr unsere Sch\u00fcler und Sch\u00fclerinnen ab 17 Jahren bietet die DSD im Anschluss an ihre Infoveranstaltungen oder Workshops die M\u00f6glichkeit, sich als Stammzellspender oder Spenderin bei der DSD aufnehmen zu lassen.Mit dieser Kooperation bringen wir unseren Sch\u00fclern und Sch\u00fclerinnen das Thema humanit\u00e4re Werte wie solidarisches Handeln n\u00e4her und wollen sie zu einem pers\u00f6nlichen sozialen Engagement motivieren.<\/p>\n\n\n\n<p><a href=\"https:\/\/gymnasium-bad-freienwalde.de\/1neuhp\/wp-content\/uploads\/2025\/10\/Elternbrief-DSD-06-25-1.pdf\">Elternbrief<\/a><\/p>\n\n\n\n<p>N\u00e4chster Termin: 18.11.2025<\/p>\n\n\n\n<figure class=\"wp-block-image size-large\"><img loading=\"lazy\" decoding=\"async\" width=\"1024\" height=\"1024\" src=\"https:\/\/gymnasium-bad-freienwalde.de\/1neuhp\/wp-content\/uploads\/2025\/10\/Schulprojekt-DSD-1024x1024.jpg\" alt=\"\" class=\"wp-image-15037\" srcset=\"https:\/\/gymnasium-bad-freienwalde.de\/1neuhp\/wp-content\/uploads\/2025\/10\/Schulprojekt-DSD-1024x1024.jpg 1024w, https:\/\/gymnasium-bad-freienwalde.de\/1neuhp\/wp-content\/uploads\/2025\/10\/Schulprojekt-DSD-300x300.jpg 300w, https:\/\/gymnasium-bad-freienwalde.de\/1neuhp\/wp-content\/uploads\/2025\/10\/Schulprojekt-DSD-150x150.jpg 150w, https:\/\/gymnasium-bad-freienwalde.de\/1neuhp\/wp-content\/uploads\/2025\/10\/Schulprojekt-DSD-768x768.jpg 768w, https:\/\/gymnasium-bad-freienwalde.de\/1neuhp\/wp-content\/uploads\/2025\/10\/Schulprojekt-DSD-1536x1536.jpg 1536w, https:\/\/gymnasium-bad-freienwalde.de\/1neuhp\/wp-content\/uploads\/2025\/10\/Schulprojekt-DSD.jpg 1578w\" sizes=\"auto, (max-width: 1024px) 100vw, 1024px\" \/><\/figure>\n\n\n\n<figure class=\"wp-block-image size-full\"><img loading=\"lazy\" decoding=\"async\" width=\"595\" height=\"349\" src=\"https:\/\/gymnasium-bad-freienwalde.de\/1neuhp\/wp-content\/uploads\/2025\/10\/DSD_Logo24_web.jpg\" alt=\"\" class=\"wp-image-15038\" srcset=\"https:\/\/gymnasium-bad-freienwalde.de\/1neuhp\/wp-content\/uploads\/2025\/10\/DSD_Logo24_web.jpg 595w, https:\/\/gymnasium-bad-freienwalde.de\/1neuhp\/wp-content\/uploads\/2025\/10\/DSD_Logo24_web-300x176.jpg 300w\" sizes=\"auto, (max-width: 595px) 100vw, 595px\" \/><\/figure>\n","protected":false},"excerpt":{"rendered":"<p>Unsere Schule pflegt seit 2021 eine Kooperation mit der Deutschen Stammzellspenderdatei (DSD) gGmbH. Als eine von \u00fcber 100 Partnerschulen der DSD deutschlandweit \/ (oder) Als \u201ePartner f\u00fcr das Leben\u201c laden wir regelm\u00e4\u00dfig Referenten und Referentinnen der DSD zu uns ein, <a class=\"more-link\" href=\"https:\/\/gymnasium-bad-freienwalde.de\/1neuhp\/deutsche-stammzellenspenderdatei-lernen-fuer-das-leben\/\">weiterlesen&#8230;<\/a><\/p>\n","protected":false},"author":1,"featured_media":0,"parent":0,"menu_order":0,"comment_status":"closed","ping_status":"closed","template":"","meta":{"ngg_post_thumbnail":0,"footnotes":""},"class_list":["post-15036","page","type-page","status-publish","hentry","gallery-content-unit"],"_links":{"self":[{"href":"https:\/\/gymnasium-bad-freienwalde.de\/1neuhp\/wp-json\/wp\/v2\/pages\/15036","targetHints":{"allow":["GET"]}}],"collection":[{"href":"https:\/\/gymnasium-bad-freienwalde.de\/1neuhp\/wp-json\/wp\/v2\/pages"}],"about":[{"href":"https:\/\/gymnasium-bad-freienwalde.de\/1neuhp\/wp-json\/wp\/v2\/types\/page"}],"author":[{"embeddable":true,"href":"https:\/\/gymnasium-bad-freienwalde.de\/1neuhp\/wp-json\/wp\/v2\/users\/1"}],"replies":[{"embeddable":true,"href":"https:\/\/gymnasium-bad-freienwalde.de\/1neuhp\/wp-json\/wp\/v2\/comments?post=15036"}],"version-history":[{"count":3,"href":"https:\/\/gymnasium-bad-freienwalde.de\/1neuhp\/wp-json\/wp\/v2\/pages\/15036\/revisions"}],"predecessor-version":[{"id":15045,"href":"https:\/\/gymnasium-bad-freienwalde.de\/1neuhp\/wp-json\/wp\/v2\/pages\/15036\/revisions\/15045"}],"wp:attachment":[{"href":"https:\/\/gymnasium-bad-freienwalde.de\/1neuhp\/wp-json\/wp\/v2\/media?parent=15036"}],"curies":[{"name":"wp","href":"https:\/\/api.w.org\/{rel}","templated":true}]}}