{"id":13061,"date":"2023-12-05T15:10:05","date_gmt":"2023-12-05T14:10:05","guid":{"rendered":"https:\/\/gymnasium-bad-freienwalde.de\/1neuhp\/?page_id=13061"},"modified":"2023-12-13T13:06:57","modified_gmt":"2023-12-13T12:06:57","slug":"was-machen-wir-robotik","status":"publish","type":"page","link":"https:\/\/gymnasium-bad-freienwalde.de\/1neuhp\/was-machen-wir-robotik\/","title":{"rendered":"Was machen wir in Robotik?"},"content":{"rendered":"\n<p>Unsere Aktivit\u00e4ten bestehen aus Team Tagen, Wettk\u00e4mpfen und Forschungsprojektausfl\u00fcgen.<\/p>\n\n\n\n<p>Hier bekommt ihr einen Einblick, was wir schon alles in der AG erlebt haben. Wenn Ihr auf die \u00dcberschriften klickt, kommt ihr zu den Artikeln.<\/p>\n\n\n\n<p><\/p>\n\n\n\n<p><a href=\"https:\/\/gymnasium-bad-freienwalde.de\/1neuhp\/2022\/03\/26\/robotik-ag-und-teamtage-es-hat-sich-gelohnt\/\" data-type=\"URL\" data-id=\"https:\/\/gymnasium-bad-freienwalde.de\/1neuhp\/2022\/03\/26\/robotik-ag-und-teamtage-es-hat-sich-gelohnt\/\">Regionalfinale in Schwedt 2022: <\/a><\/p>\n\n\n<div class=\"wp-block-image\">\n<figure class=\"aligncenter size-large is-resized\"><img loading=\"lazy\" decoding=\"async\" src=\"https:\/\/gymnasium-bad-freienwalde.de\/1neuhp\/wp-content\/uploads\/2023\/11\/20220326_143730-1024x768.jpg\" alt=\"\" class=\"wp-image-13062\" width=\"441\" height=\"331\" srcset=\"https:\/\/gymnasium-bad-freienwalde.de\/1neuhp\/wp-content\/uploads\/2023\/11\/20220326_143730-1024x768.jpg 1024w, https:\/\/gymnasium-bad-freienwalde.de\/1neuhp\/wp-content\/uploads\/2023\/11\/20220326_143730-300x225.jpg 300w, https:\/\/gymnasium-bad-freienwalde.de\/1neuhp\/wp-content\/uploads\/2023\/11\/20220326_143730-768x576.jpg 768w, https:\/\/gymnasium-bad-freienwalde.de\/1neuhp\/wp-content\/uploads\/2023\/11\/20220326_143730-1536x1152.jpg 1536w, https:\/\/gymnasium-bad-freienwalde.de\/1neuhp\/wp-content\/uploads\/2023\/11\/20220326_143730-2048x1536.jpg 2048w, https:\/\/gymnasium-bad-freienwalde.de\/1neuhp\/wp-content\/uploads\/2023\/11\/20220326_143730-350x263.jpg 350w, https:\/\/gymnasium-bad-freienwalde.de\/1neuhp\/wp-content\/uploads\/2023\/11\/20220326_143730-780x586.jpg 780w, https:\/\/gymnasium-bad-freienwalde.de\/1neuhp\/wp-content\/uploads\/2023\/11\/20220326_143730-250x188.jpg 250w\" sizes=\"auto, (max-width: 441px) 100vw, 441px\" \/><\/figure><\/div>\n\n\n<p><a href=\"https:\/\/gymnasium-bad-freienwalde.de\/1neuhp\/2020\/11\/25\/robotik-mit-humanoidem-roboter\/\" data-type=\"URL\" data-id=\"https:\/\/gymnasium-bad-freienwalde.de\/1neuhp\/2020\/11\/25\/robotik-mit-humanoidem-roboter\/\">Robotik mit humanoidem Roboter:<\/a><\/p>\n\n\n<div class=\"wp-block-image\">\n<figure class=\"aligncenter size-large is-resized\"><img loading=\"lazy\" decoding=\"async\" src=\"https:\/\/gymnasium-bad-freienwalde.de\/1neuhp\/wp-content\/uploads\/2023\/11\/Nao1-498x1024.jpg\" alt=\"\" class=\"wp-image-13064\" width=\"171\" height=\"352\" srcset=\"https:\/\/gymnasium-bad-freienwalde.de\/1neuhp\/wp-content\/uploads\/2023\/11\/Nao1-498x1024.jpg 498w, https:\/\/gymnasium-bad-freienwalde.de\/1neuhp\/wp-content\/uploads\/2023\/11\/Nao1-146x300.jpg 146w, https:\/\/gymnasium-bad-freienwalde.de\/1neuhp\/wp-content\/uploads\/2023\/11\/Nao1-768x1580.jpg 768w, https:\/\/gymnasium-bad-freienwalde.de\/1neuhp\/wp-content\/uploads\/2023\/11\/Nao1-747x1536.jpg 747w, https:\/\/gymnasium-bad-freienwalde.de\/1neuhp\/wp-content\/uploads\/2023\/11\/Nao1-996x2048.jpg 996w, https:\/\/gymnasium-bad-freienwalde.de\/1neuhp\/wp-content\/uploads\/2023\/11\/Nao1-scaled.jpg 1244w\" sizes=\"auto, (max-width: 171px) 100vw, 171px\" \/><\/figure><\/div>\n\n\n<p><a href=\"https:\/\/gymnasium-bad-freienwalde.de\/1neuhp\/2023\/01\/21\/regionalfinale-der-first-lego-league-am-21-januar-2023-in-der-talsandschule-in-schwedt-oder\/\" data-type=\"URL\" data-id=\"https:\/\/gymnasium-bad-freienwalde.de\/1neuhp\/2023\/01\/21\/regionalfinale-der-first-lego-league-am-21-januar-2023-in-der-talsandschule-in-schwedt-oder\/\">Regionalfinale der First Lego-League am 21. Januar 2023 in der Talsandschule in Schwedt\/Oder:<\/a><\/p>\n\n\n<div class=\"wp-block-image\">\n<figure class=\"aligncenter size-large is-resized\"><img loading=\"lazy\" decoding=\"async\" src=\"https:\/\/gymnasium-bad-freienwalde.de\/1neuhp\/wp-content\/uploads\/2023\/11\/20230121_161601-scaled-1-1024x768.jpg\" alt=\"\" class=\"wp-image-13065\" width=\"388\" height=\"291\" srcset=\"https:\/\/gymnasium-bad-freienwalde.de\/1neuhp\/wp-content\/uploads\/2023\/11\/20230121_161601-scaled-1-1024x768.jpg 1024w, https:\/\/gymnasium-bad-freienwalde.de\/1neuhp\/wp-content\/uploads\/2023\/11\/20230121_161601-scaled-1-300x225.jpg 300w, https:\/\/gymnasium-bad-freienwalde.de\/1neuhp\/wp-content\/uploads\/2023\/11\/20230121_161601-scaled-1-768x576.jpg 768w, https:\/\/gymnasium-bad-freienwalde.de\/1neuhp\/wp-content\/uploads\/2023\/11\/20230121_161601-scaled-1-1536x1152.jpg 1536w, https:\/\/gymnasium-bad-freienwalde.de\/1neuhp\/wp-content\/uploads\/2023\/11\/20230121_161601-scaled-1-2048x1536.jpg 2048w, https:\/\/gymnasium-bad-freienwalde.de\/1neuhp\/wp-content\/uploads\/2023\/11\/20230121_161601-scaled-1-350x263.jpg 350w, https:\/\/gymnasium-bad-freienwalde.de\/1neuhp\/wp-content\/uploads\/2023\/11\/20230121_161601-scaled-1-780x586.jpg 780w, https:\/\/gymnasium-bad-freienwalde.de\/1neuhp\/wp-content\/uploads\/2023\/11\/20230121_161601-scaled-1-250x188.jpg 250w\" sizes=\"auto, (max-width: 388px) 100vw, 388px\" \/><\/figure><\/div>\n\n\n<p><a href=\"https:\/\/gymnasium-bad-freienwalde.de\/1neuhp\/2021\/11\/02\/fll-teamtag\/\" data-type=\"URL\" data-id=\"https:\/\/gymnasium-bad-freienwalde.de\/1neuhp\/2021\/11\/02\/fll-teamtag\/\">FLL-Teamtag 2021:<\/a><\/p>\n\n\n<div class=\"wp-block-image\">\n<figure class=\"aligncenter size-full is-resized\"><img loading=\"lazy\" decoding=\"async\" src=\"https:\/\/gymnasium-bad-freienwalde.de\/1neuhp\/wp-content\/uploads\/2023\/11\/20211102_131738-768x1024-1.jpg\" alt=\"\" class=\"wp-image-13066\" width=\"236\" height=\"314\" srcset=\"https:\/\/gymnasium-bad-freienwalde.de\/1neuhp\/wp-content\/uploads\/2023\/11\/20211102_131738-768x1024-1.jpg 768w, https:\/\/gymnasium-bad-freienwalde.de\/1neuhp\/wp-content\/uploads\/2023\/11\/20211102_131738-768x1024-1-225x300.jpg 225w\" sizes=\"auto, (max-width: 236px) 100vw, 236px\" \/><\/figure><\/div>\n\n\n<p><a href=\"https:\/\/gymnasium-bad-freienwalde.de\/1neuhp\/2021\/10\/26\/wettkampfteam-fll-steht\/\" data-type=\"URL\" data-id=\"https:\/\/gymnasium-bad-freienwalde.de\/1neuhp\/2021\/10\/26\/wettkampfteam-fll-steht\/\">Wettkampfteam FLL steht!:<\/a><\/p>\n\n\n<div class=\"wp-block-image\">\n<figure class=\"aligncenter size-full is-resized\"><img loading=\"lazy\" decoding=\"async\" src=\"https:\/\/gymnasium-bad-freienwalde.de\/1neuhp\/wp-content\/uploads\/2023\/11\/20211026_140750-1024x768-1.jpg\" alt=\"\" class=\"wp-image-13067\" width=\"313\" height=\"234\" srcset=\"https:\/\/gymnasium-bad-freienwalde.de\/1neuhp\/wp-content\/uploads\/2023\/11\/20211026_140750-1024x768-1.jpg 1024w, https:\/\/gymnasium-bad-freienwalde.de\/1neuhp\/wp-content\/uploads\/2023\/11\/20211026_140750-1024x768-1-300x225.jpg 300w, https:\/\/gymnasium-bad-freienwalde.de\/1neuhp\/wp-content\/uploads\/2023\/11\/20211026_140750-1024x768-1-768x576.jpg 768w, https:\/\/gymnasium-bad-freienwalde.de\/1neuhp\/wp-content\/uploads\/2023\/11\/20211026_140750-1024x768-1-350x263.jpg 350w, https:\/\/gymnasium-bad-freienwalde.de\/1neuhp\/wp-content\/uploads\/2023\/11\/20211026_140750-1024x768-1-780x586.jpg 780w, https:\/\/gymnasium-bad-freienwalde.de\/1neuhp\/wp-content\/uploads\/2023\/11\/20211026_140750-1024x768-1-250x188.jpg 250w\" sizes=\"auto, (max-width: 313px) 100vw, 313px\" \/><\/figure><\/div>\n\n\n<p><a href=\"https:\/\/gymnasium-bad-freienwalde.de\/1neuhp\/2021\/09\/22\/forschungsprojekt-im-rinderstall\/\" data-type=\"URL\" data-id=\"https:\/\/gymnasium-bad-freienwalde.de\/1neuhp\/2021\/09\/22\/forschungsprojekt-im-rinderstall\/\">Forschungsprojekt im Rinderstall:<\/a><\/p>\n\n\n<div class=\"wp-block-image\">\n<figure class=\"aligncenter size-full is-resized\"><img loading=\"lazy\" decoding=\"async\" src=\"https:\/\/gymnasium-bad-freienwalde.de\/1neuhp\/wp-content\/uploads\/2023\/11\/thumbs_20210921_130205_MEDIUM.jpg\" alt=\"\" class=\"wp-image-13068\" width=\"288\" height=\"192\"\/><\/figure><\/div>","protected":false},"excerpt":{"rendered":"<p>Unsere Aktivit\u00e4ten bestehen aus Team Tagen, Wettk\u00e4mpfen und Forschungsprojektausfl\u00fcgen. Hier bekommt ihr einen Einblick, was wir schon alles in der AG erlebt haben. Wenn Ihr auf die \u00dcberschriften klickt, kommt ihr zu den Artikeln. Regionalfinale in Schwedt 2022: Robotik mit <a class=\"more-link\" href=\"https:\/\/gymnasium-bad-freienwalde.de\/1neuhp\/was-machen-wir-robotik\/\">weiterlesen&#8230;<\/a><\/p>\n","protected":false},"author":1,"featured_media":0,"parent":0,"menu_order":0,"comment_status":"closed","ping_status":"closed","template":"","meta":{"ngg_post_thumbnail":0,"footnotes":""},"class_list":["post-13061","page","type-page","status-publish","hentry","gallery-content-unit"],"_links":{"self":[{"href":"https:\/\/gymnasium-bad-freienwalde.de\/1neuhp\/wp-json\/wp\/v2\/pages\/13061","targetHints":{"allow":["GET"]}}],"collection":[{"href":"https:\/\/gymnasium-bad-freienwalde.de\/1neuhp\/wp-json\/wp\/v2\/pages"}],"about":[{"href":"https:\/\/gymnasium-bad-freienwalde.de\/1neuhp\/wp-json\/wp\/v2\/types\/page"}],"author":[{"embeddable":true,"href":"https:\/\/gymnasium-bad-freienwalde.de\/1neuhp\/wp-json\/wp\/v2\/users\/1"}],"replies":[{"embeddable":true,"href":"https:\/\/gymnasium-bad-freienwalde.de\/1neuhp\/wp-json\/wp\/v2\/comments?post=13061"}],"version-history":[{"count":3,"href":"https:\/\/gymnasium-bad-freienwalde.de\/1neuhp\/wp-json\/wp\/v2\/pages\/13061\/revisions"}],"predecessor-version":[{"id":13331,"href":"https:\/\/gymnasium-bad-freienwalde.de\/1neuhp\/wp-json\/wp\/v2\/pages\/13061\/revisions\/13331"}],"wp:attachment":[{"href":"https:\/\/gymnasium-bad-freienwalde.de\/1neuhp\/wp-json\/wp\/v2\/media?parent=13061"}],"curies":[{"name":"wp","href":"https:\/\/api.w.org\/{rel}","templated":true}]}}