{"id":13042,"date":"2023-12-05T15:06:34","date_gmt":"2023-12-05T14:06:34","guid":{"rendered":"https:\/\/gymnasium-bad-freienwalde.de\/1neuhp\/?page_id=13042"},"modified":"2024-01-09T10:06:18","modified_gmt":"2024-01-09T09:06:18","slug":"robotik-startseite","status":"publish","type":"page","link":"https:\/\/gymnasium-bad-freienwalde.de\/1neuhp\/robotik-startseite\/","title":{"rendered":"Robotik: Startseite"},"content":{"rendered":"\n<p>Wir sind die Robotik AG! <\/p>\n\n\n\n<p>Unser AG-Alltag ist sehr vielseitig, zum Einen programmieren und bauen wir Lego Roboter, welche auch an Wettk\u00e4mpfen teilnehmen zum Anderen k\u00f6nnen wir aber auch ganze Spiele erstellen.<\/p>\n\n\n\n<p><\/p>\n\n\n\n<div class=\"wp-block-media-text alignwide has-media-on-the-right is-stacked-on-mobile\" style=\"grid-template-columns:auto 63%\"><div class=\"wp-block-media-text__content\">\n<p><em><a href=\"https:\/\/gymnasium-bad-freienwalde.de\/1neuhp\/ueber-uns-robotik\/\" data-type=\"URL\" data-id=\"https:\/\/gymnasium-bad-freienwalde.de\/1neuhp\/ueber-uns-robotik\/\">\u00dcber uns <\/a><\/em><\/p>\n\n\n\n<p><em><a href=\"https:\/\/gymnasium-bad-freienwalde.de\/1neuhp\/veranstaltung-robotik\/\" data-type=\"URL\" data-id=\"https:\/\/gymnasium-bad-freienwalde.de\/1neuhp\/veranstaltung-robotik\/\">Veranstaltungen<\/a><\/em><\/p>\n\n\n\n<p><a href=\"https:\/\/gymnasium-bad-freienwalde.de\/1neuhp\/was-machen-wir-robotik\/\" data-type=\"URL\" data-id=\"https:\/\/gymnasium-bad-freienwalde.de\/1neuhp\/was-machen-wir-robotik\/\"><em>Was machen wir?<\/em><\/a><\/p>\n\n\n\n<p><em><a href=\"https:\/\/gymnasium-bad-freienwalde.de\/1neuhp\/wie-koennt-ihr-uns-erreichen-robotik\/\" data-type=\"URL\" data-id=\"https:\/\/gymnasium-bad-freienwalde.de\/1neuhp\/wie-koennt-ihr-uns-erreichen-robotik\/\">Wie k\u00f6nnt ihr uns erreichen?<\/a><\/em><\/p>\n\n\n\n<p><em><a href=\"https:\/\/gymnasium-bad-freienwalde.de\/1neuhp\/spiele-robotik\/\" data-type=\"URL\" data-id=\"https:\/\/gymnasium-bad-freienwalde.de\/1neuhp\/spiele-robotik\/\">Spiele<\/a><\/em><\/p>\n<\/div><figure class=\"wp-block-media-text__media\"><video controls src=\"https:\/\/gymnasium-bad-freienwalde.de\/1neuhp\/wp-content\/uploads\/2024\/01\/Mein-Film-5.mov\"><\/video><\/figure><\/div>\n\n\n\n<figure class=\"wp-block-gallery has-nested-images columns-default is-cropped wp-block-gallery-1 is-layout-flex wp-block-gallery-is-layout-flex\">\n<figure class=\"wp-block-image size-large\"><img loading=\"lazy\" decoding=\"async\" width=\"768\" height=\"1024\" data-id=\"13045\" src=\"https:\/\/gymnasium-bad-freienwalde.de\/1neuhp\/wp-content\/uploads\/2023\/11\/20230121_160305-scaled-1-768x1024.jpg\" alt=\"\" class=\"wp-image-13045\" srcset=\"https:\/\/gymnasium-bad-freienwalde.de\/1neuhp\/wp-content\/uploads\/2023\/11\/20230121_160305-scaled-1-768x1024.jpg 768w, https:\/\/gymnasium-bad-freienwalde.de\/1neuhp\/wp-content\/uploads\/2023\/11\/20230121_160305-scaled-1-225x300.jpg 225w, https:\/\/gymnasium-bad-freienwalde.de\/1neuhp\/wp-content\/uploads\/2023\/11\/20230121_160305-scaled-1-1152x1536.jpg 1152w, https:\/\/gymnasium-bad-freienwalde.de\/1neuhp\/wp-content\/uploads\/2023\/11\/20230121_160305-scaled-1-1536x2048.jpg 1536w, https:\/\/gymnasium-bad-freienwalde.de\/1neuhp\/wp-content\/uploads\/2023\/11\/20230121_160305-scaled-1.jpg 1920w\" sizes=\"auto, (max-width: 768px) 100vw, 768px\" \/><\/figure>\n\n\n\n<figure class=\"wp-block-image size-large\"><img loading=\"lazy\" decoding=\"async\" width=\"1024\" height=\"768\" data-id=\"13046\" src=\"https:\/\/gymnasium-bad-freienwalde.de\/1neuhp\/wp-content\/uploads\/2023\/11\/20230121_100436-1-scaled-1-1024x768.jpg\" alt=\"\" class=\"wp-image-13046\" srcset=\"https:\/\/gymnasium-bad-freienwalde.de\/1neuhp\/wp-content\/uploads\/2023\/11\/20230121_100436-1-scaled-1-1024x768.jpg 1024w, https:\/\/gymnasium-bad-freienwalde.de\/1neuhp\/wp-content\/uploads\/2023\/11\/20230121_100436-1-scaled-1-300x225.jpg 300w, https:\/\/gymnasium-bad-freienwalde.de\/1neuhp\/wp-content\/uploads\/2023\/11\/20230121_100436-1-scaled-1-768x576.jpg 768w, https:\/\/gymnasium-bad-freienwalde.de\/1neuhp\/wp-content\/uploads\/2023\/11\/20230121_100436-1-scaled-1-1536x1152.jpg 1536w, https:\/\/gymnasium-bad-freienwalde.de\/1neuhp\/wp-content\/uploads\/2023\/11\/20230121_100436-1-scaled-1-2048x1536.jpg 2048w, https:\/\/gymnasium-bad-freienwalde.de\/1neuhp\/wp-content\/uploads\/2023\/11\/20230121_100436-1-scaled-1-350x263.jpg 350w, https:\/\/gymnasium-bad-freienwalde.de\/1neuhp\/wp-content\/uploads\/2023\/11\/20230121_100436-1-scaled-1-780x586.jpg 780w, https:\/\/gymnasium-bad-freienwalde.de\/1neuhp\/wp-content\/uploads\/2023\/11\/20230121_100436-1-scaled-1-250x188.jpg 250w\" sizes=\"auto, (max-width: 1024px) 100vw, 1024px\" \/><\/figure>\n<\/figure>\n","protected":false},"excerpt":{"rendered":"<p>Wir sind die Robotik AG! Unser AG-Alltag ist sehr vielseitig, zum Einen programmieren und bauen wir Lego Roboter, welche auch an Wettk\u00e4mpfen teilnehmen zum Anderen k\u00f6nnen wir aber auch ganze Spiele erstellen. \u00dcber uns Veranstaltungen Was machen wir? Wie k\u00f6nnt <a class=\"more-link\" href=\"https:\/\/gymnasium-bad-freienwalde.de\/1neuhp\/robotik-startseite\/\">weiterlesen&#8230;<\/a><\/p>\n","protected":false},"author":1,"featured_media":0,"parent":0,"menu_order":0,"comment_status":"closed","ping_status":"closed","template":"","meta":{"ngg_post_thumbnail":0,"footnotes":""},"class_list":["post-13042","page","type-page","status-publish","hentry","gallery-content-unit"],"_links":{"self":[{"href":"https:\/\/gymnasium-bad-freienwalde.de\/1neuhp\/wp-json\/wp\/v2\/pages\/13042","targetHints":{"allow":["GET"]}}],"collection":[{"href":"https:\/\/gymnasium-bad-freienwalde.de\/1neuhp\/wp-json\/wp\/v2\/pages"}],"about":[{"href":"https:\/\/gymnasium-bad-freienwalde.de\/1neuhp\/wp-json\/wp\/v2\/types\/page"}],"author":[{"embeddable":true,"href":"https:\/\/gymnasium-bad-freienwalde.de\/1neuhp\/wp-json\/wp\/v2\/users\/1"}],"replies":[{"embeddable":true,"href":"https:\/\/gymnasium-bad-freienwalde.de\/1neuhp\/wp-json\/wp\/v2\/comments?post=13042"}],"version-history":[{"count":2,"href":"https:\/\/gymnasium-bad-freienwalde.de\/1neuhp\/wp-json\/wp\/v2\/pages\/13042\/revisions"}],"predecessor-version":[{"id":13458,"href":"https:\/\/gymnasium-bad-freienwalde.de\/1neuhp\/wp-json\/wp\/v2\/pages\/13042\/revisions\/13458"}],"wp:attachment":[{"href":"https:\/\/gymnasium-bad-freienwalde.de\/1neuhp\/wp-json\/wp\/v2\/media?parent=13042"}],"curies":[{"name":"wp","href":"https:\/\/api.w.org\/{rel}","templated":true}]}}